{"id":3140,"date":"2022-12-22T20:13:41","date_gmt":"2022-12-23T01:13:41","guid":{"rendered":"https:\/\/prevaildisinfectants.ca\/outil-de-protocole\/"},"modified":"2025-12-09T15:58:34","modified_gmt":"2025-12-09T20:58:34","slug":"outil-de-protocole","status":"publish","type":"page","link":"https:\/\/prevaildisinfectants.ca\/fr\/outil-de-protocole\/","title":{"rendered":"Outil de protocole"},"content":{"rendered":"<div class=\"section pb-8 md:pb-0\" id=\"content-section-3-ca4\"  data-white-logo=\"false\" data-hamburger=\"primaire\">\n  <div class=\"content-section-3  relative \">\n    <div class=\"container container--xl\">\n      <div class=\"flex flex-wrap flex-row align-stretch -mx-4 lg:-mx-8 min-h-screen flex-row-reverse\">\n                  <div class=\"w-full md:w-3\/5 md:px-4 lg:px-8 flex relative mb-6 md:mb-0 justify-start\">\n            <div class=\"bg-img lozad bg-cover bg-center bg-no-repeat md:h-full md:inset-y-0 md:absolute left-0 md:ml-8\" data-background-image=\"https:\/\/prevaildisinfectants.ca\/wp-content\/uploads\/2023\/01\/iStock-1365088045_protocol_Retouch-1400x933.png\"><\/div>\n          <\/div>\n                <div class=\"w-full md:w-2\/5 px-4 lg:px-8 flex flex-col justify-center\">\n          <div class=\"content-group max-w-3xl text-xl xl:text-2xl pb-20 md:py-28 \">\n            <h2>Cr\u00e9ez votre propre protocole<\/h2>\n<p><strong>Cr\u00e9ez un protocole personnalis\u00e9 pour n&rsquo;importe quelle zone de votre \u00e9tablissement en quelques minutes.<\/strong><\/p>\n<p>La mise en place de protocoles de nettoyage et de d\u00e9sinfection bien con\u00e7us peut constituer la premi\u00e8re ligne de d\u00e9fense pour emp\u00eacher les maladies d&rsquo;entrer dans votre \u00e9tablissement et limiter leur propagation en cas d&rsquo;introduction.<\/p>\n<p>L&rsquo;utilisation de notre outil de protocole gratuit permet une approche syst\u00e9matique et personnalisable afin de garantir l&rsquo;\u00e9laboration du protocole le plus appropri\u00e9 pour votre \u00e9tablissement.<\/p>\n\n\n            \n                          <div class=\"flex flex-wrap -mx-1 mt-10 buttons-wrap\">\n                                  \n                                      <div class=\"p-1\">\n                      <a href=\"https:\/\/protocol.prevaildisinfectants.com\/\"   class=\" btn btn--primaire\">Cr\u00e9ez votre propre protocole<\/a>\n                    <\/div>\n                                                <\/div>\n            \n                      <\/div>\n        <\/div>\n      <\/div>\n    <\/div>\n\n      <\/div>\n<\/div>\n","protected":false},"excerpt":{"rendered":"","protected":false},"author":1,"featured_media":0,"parent":0,"menu_order":0,"comment_status":"closed","ping_status":"closed","template":"","meta":{"_acf_changed":false,"inline_featured_image":false,"footnotes":""},"class_list":["post-3140","page","type-page","status-publish","hentry"],"acf":[],"yoast_head":"<!-- This site is optimized with the Yoast SEO plugin v24.8.1 - https:\/\/yoast.com\/wordpress\/plugins\/seo\/ -->\n<title>Outil de protocole - Prevail Disinfectants<\/title>\n<meta name=\"robots\" content=\"index, follow, max-snippet:-1, max-image-preview:large, max-video-preview:-1\" \/>\n<link rel=\"canonical\" href=\"https:\/\/prevaildisinfectants.ca\/fr\/outil-de-protocole\/\" \/>\n<meta property=\"og:locale\" content=\"fr_FR\" \/>\n<meta property=\"og:type\" content=\"article\" \/>\n<meta property=\"og:title\" content=\"Outil de protocole - Prevail Disinfectants\" \/>\n<meta property=\"og:url\" content=\"https:\/\/prevaildisinfectants.ca\/fr\/outil-de-protocole\/\" \/>\n<meta property=\"og:site_name\" content=\"Prevail Disinfectants\" \/>\n<meta property=\"article:modified_time\" content=\"2025-12-09T20:58:34+00:00\" \/>\n<meta name=\"twitter:card\" content=\"summary_large_image\" \/>\n<script type=\"application\/ld+json\" class=\"yoast-schema-graph\">{\"@context\":\"https:\/\/schema.org\",\"@graph\":[{\"@type\":\"WebPage\",\"@id\":\"https:\/\/prevaildisinfectants.ca\/fr\/outil-de-protocole\/\",\"url\":\"https:\/\/prevaildisinfectants.ca\/fr\/outil-de-protocole\/\",\"name\":\"Outil de protocole - Prevail Disinfectants\",\"isPartOf\":{\"@id\":\"https:\/\/prevaildisinfectants.ca\/fr\/#website\"},\"datePublished\":\"2022-12-23T01:13:41+00:00\",\"dateModified\":\"2025-12-09T20:58:34+00:00\",\"breadcrumb\":{\"@id\":\"https:\/\/prevaildisinfectants.ca\/fr\/outil-de-protocole\/#breadcrumb\"},\"inLanguage\":\"fr-FR\",\"potentialAction\":[{\"@type\":\"ReadAction\",\"target\":[\"https:\/\/prevaildisinfectants.ca\/fr\/outil-de-protocole\/\"]}]},{\"@type\":\"BreadcrumbList\",\"@id\":\"https:\/\/prevaildisinfectants.ca\/fr\/outil-de-protocole\/#breadcrumb\",\"itemListElement\":[{\"@type\":\"ListItem\",\"position\":1,\"name\":\"Home\",\"item\":\"https:\/\/prevaildisinfectants.ca\/fr\/accueil\/\"},{\"@type\":\"ListItem\",\"position\":2,\"name\":\"Outil de protocole\"}]},{\"@type\":\"WebSite\",\"@id\":\"https:\/\/prevaildisinfectants.ca\/fr\/#website\",\"url\":\"https:\/\/prevaildisinfectants.ca\/fr\/\",\"name\":\"Prevail Disinfectants\",\"description\":\"\",\"potentialAction\":[{\"@type\":\"SearchAction\",\"target\":{\"@type\":\"EntryPoint\",\"urlTemplate\":\"https:\/\/prevaildisinfectants.ca\/fr\/?s={search_term_string}\"},\"query-input\":{\"@type\":\"PropertyValueSpecification\",\"valueRequired\":true,\"valueName\":\"search_term_string\"}}],\"inLanguage\":\"fr-FR\"}]}<\/script>\n<!-- \/ Yoast SEO plugin. -->","yoast_head_json":{"title":"Outil de protocole - Prevail Disinfectants","robots":{"index":"index","follow":"follow","max-snippet":"max-snippet:-1","max-image-preview":"max-image-preview:large","max-video-preview":"max-video-preview:-1"},"canonical":"https:\/\/prevaildisinfectants.ca\/fr\/outil-de-protocole\/","og_locale":"fr_FR","og_type":"article","og_title":"Outil de protocole - Prevail Disinfectants","og_url":"https:\/\/prevaildisinfectants.ca\/fr\/outil-de-protocole\/","og_site_name":"Prevail Disinfectants","article_modified_time":"2025-12-09T20:58:34+00:00","twitter_card":"summary_large_image","schema":{"@context":"https:\/\/schema.org","@graph":[{"@type":"WebPage","@id":"https:\/\/prevaildisinfectants.ca\/fr\/outil-de-protocole\/","url":"https:\/\/prevaildisinfectants.ca\/fr\/outil-de-protocole\/","name":"Outil de protocole - Prevail Disinfectants","isPartOf":{"@id":"https:\/\/prevaildisinfectants.ca\/fr\/#website"},"datePublished":"2022-12-23T01:13:41+00:00","dateModified":"2025-12-09T20:58:34+00:00","breadcrumb":{"@id":"https:\/\/prevaildisinfectants.ca\/fr\/outil-de-protocole\/#breadcrumb"},"inLanguage":"fr-FR","potentialAction":[{"@type":"ReadAction","target":["https:\/\/prevaildisinfectants.ca\/fr\/outil-de-protocole\/"]}]},{"@type":"BreadcrumbList","@id":"https:\/\/prevaildisinfectants.ca\/fr\/outil-de-protocole\/#breadcrumb","itemListElement":[{"@type":"ListItem","position":1,"name":"Home","item":"https:\/\/prevaildisinfectants.ca\/fr\/accueil\/"},{"@type":"ListItem","position":2,"name":"Outil de protocole"}]},{"@type":"WebSite","@id":"https:\/\/prevaildisinfectants.ca\/fr\/#website","url":"https:\/\/prevaildisinfectants.ca\/fr\/","name":"Prevail Disinfectants","description":"","potentialAction":[{"@type":"SearchAction","target":{"@type":"EntryPoint","urlTemplate":"https:\/\/prevaildisinfectants.ca\/fr\/?s={search_term_string}"},"query-input":{"@type":"PropertyValueSpecification","valueRequired":true,"valueName":"search_term_string"}}],"inLanguage":"fr-FR"}]}},"_links":{"self":[{"href":"https:\/\/prevaildisinfectants.ca\/fr\/wp-json\/wp\/v2\/pages\/3140","targetHints":{"allow":["GET"]}}],"collection":[{"href":"https:\/\/prevaildisinfectants.ca\/fr\/wp-json\/wp\/v2\/pages"}],"about":[{"href":"https:\/\/prevaildisinfectants.ca\/fr\/wp-json\/wp\/v2\/types\/page"}],"author":[{"embeddable":true,"href":"https:\/\/prevaildisinfectants.ca\/fr\/wp-json\/wp\/v2\/users\/1"}],"replies":[{"embeddable":true,"href":"https:\/\/prevaildisinfectants.ca\/fr\/wp-json\/wp\/v2\/comments?post=3140"}],"version-history":[{"count":1,"href":"https:\/\/prevaildisinfectants.ca\/fr\/wp-json\/wp\/v2\/pages\/3140\/revisions"}],"predecessor-version":[{"id":3141,"href":"https:\/\/prevaildisinfectants.ca\/fr\/wp-json\/wp\/v2\/pages\/3140\/revisions\/3141"}],"wp:attachment":[{"href":"https:\/\/prevaildisinfectants.ca\/fr\/wp-json\/wp\/v2\/media?parent=3140"}],"curies":[{"name":"wp","href":"https:\/\/api.w.org\/{rel}","templated":true}]}}