{"id":2988,"date":"2023-06-13T12:51:14","date_gmt":"2023-06-13T16:51:14","guid":{"rendered":"https:\/\/prevaildisinfectants.ca\/les-abris-lemportent\/"},"modified":"2025-12-09T15:58:34","modified_gmt":"2025-12-09T20:58:34","slug":"les-abris-lemportent","status":"publish","type":"page","link":"https:\/\/prevaildisinfectants.ca\/fr\/les-abris-lemportent\/","title":{"rendered":"Les abris l&#8217;emportent"},"content":{"rendered":"\n<figure class=\"wp-block-image aligncenter size-large\"><img decoding=\"async\" width=\"1024\" height=\"463\" src=\"https:\/\/prevaildisinfectants.ca\/wp-content\/uploads\/2023\/06\/Shelters-Prevail-header-1024x463.jpg\" alt=\"\" class=\"wp-image-1951\" srcset=\"https:\/\/prevaildisinfectants.ca\/wp-content\/uploads\/2023\/06\/Shelters-Prevail-header-1024x463.jpg 1024w, https:\/\/prevaildisinfectants.ca\/wp-content\/uploads\/2023\/06\/Shelters-Prevail-header-300x136.jpg 300w, https:\/\/prevaildisinfectants.ca\/wp-content\/uploads\/2023\/06\/Shelters-Prevail-header-768x347.jpg 768w, https:\/\/prevaildisinfectants.ca\/wp-content\/uploads\/2023\/06\/Shelters-Prevail-header-400x181.jpg 400w, https:\/\/prevaildisinfectants.ca\/wp-content\/uploads\/2023\/06\/Shelters-Prevail-header-700x317.jpg 700w, https:\/\/prevaildisinfectants.ca\/wp-content\/uploads\/2023\/06\/Shelters-Prevail-header.jpg 1366w\" sizes=\"(max-width: 1024px) 100vw, 1024px\" \/><\/figure>\n\n<div class=\"wp-block-buttons is-content-justification-center is-layout-flex wp-container-core-buttons-is-layout-16018d1d wp-block-buttons-is-layout-flex\" style=\"font-style:normal;font-weight:700\">\n<div class=\"wp-block-button\"><a class=\"wp-block-button__link wp-element-button\" href=\"https:\/\/pr.easypromosapp.com\/p\/954917\" target=\"_blank\" rel=\"noreferrer noopener\">Nommez votre refuge<\/a><\/div>\n<\/div>\n\n<h3 class=\"wp-block-heading\"><strong>\u00c0 propos de Shelters Prevail<\/strong> <\/h3>\n\n<p>Nommez votre refuge animalier pr\u00e9f\u00e9r\u00e9 ! Tous les deux mois, Virox, fabricant des d\u00e9sinfectants Prevail\u2122, s\u00e9lectionnera un refuge pour animaux qui recevra un kit de d\u00e9sinfectants Prevail.  <\/p>\n\n<h3 class=\"wp-block-heading\"><strong>A propos du lot de d\u00e9sinfectants Prevail<\/strong> <\/h3>\n\n<p>Le gagnant recevra :  <\/p>\n\n<ul class=\"wp-block-list\">\n<li>Une (1) bouteille de 3,78 L de Prevail\u2122 Concentrate Disinfectant (plus la pompe)  <\/li>\n\n\n\n<li>Une (1) bouteille de 1 L de Prevail\u2122 pr\u00eat \u00e0 l&#8217;emploi (plus un pulv\u00e9risateur \u00e0 g\u00e2chette)  <\/li>\n\n\n\n<li>Une (1) bo\u00eete de lingettes Prevail\u2122  <\/li>\n<\/ul>\n\n<p><strong>Nous prenons en charge les frais d&rsquo;envoi !<\/strong> <\/p>\n\n<h3 class=\"wp-block-heading\"><strong>Qui peut participer ?<\/strong> <\/h3>\n\n<p>Ce concours est ouvert aux refuges pour animaux qui sont des organisations \u00e0 but non lucratif ou des organismes municipaux qui h\u00e9bergent des chiens et des chats dans un lieu physique permanent ouvert au public pendant les heures normales d&rsquo;ouverture.  <\/p>\n\n<h3 class=\"wp-block-heading\"><strong>Qui peut proposer des candidats ?<\/strong> <\/h3>\n\n<p>Les refuges peuvent se proposer eux-m\u00eames pour gagner ou un employ\u00e9, un b\u00e9n\u00e9vole ou toute autre personne associ\u00e9e \u00e0 votre organisation, y compris votre communaut\u00e9, peut proposer la candidature de votre refuge.  <\/p>\n\n<h3 class=\"wp-block-heading\"><strong>Comment cela fonctionne-t-il ?<\/strong> <\/h3>\n\n<p>Pour participer, partagez la fa\u00e7on dont un kit Prevail\u2122 Disinfectants #SheltersPrevail profitera aux animaux et aux personnes de votre refuge local.  <\/p>\n\n<h3 class=\"wp-block-heading\"><strong>Les nominations seront jug\u00e9es sur la base des crit\u00e8res suivants :<\/strong> <\/h3>\n\n<ul class=\"wp-block-list\">\n<li><strong>La s\u00e9curit\u00e9 :<\/strong> La n\u00e9cessit\u00e9 de maintenir des installations propres et s\u00fbres et de pr\u00e9venir la propagation des infections, en utilisant des d\u00e9sinfectants non irritants, plus respectueux des animaux, de l&rsquo;environnement, des employ\u00e9s et des clients.  <\/li>\n\n\n\n<li><strong>Care :<\/strong> votre passion pour la sauvegarde des animaux.  <\/li>\n\n\n\n<li><strong>Responsabilit\u00e9 :<\/strong> Att\u00e9nuer le stress et l&rsquo;anxi\u00e9t\u00e9 des animaux en veillant \u00e0 leur sant\u00e9 physique, \u00e9motionnelle et comportementale.  <\/li>\n<\/ul>\n","protected":false},"excerpt":{"rendered":"<p>\u00c0 propos de Shelters Prevail Nommez votre refuge animalier pr\u00e9f\u00e9r\u00e9 ! Tous les deux mois, Virox, fabricant des d\u00e9sinfectants Prevail\u2122, s\u00e9lectionnera un refuge pour animaux qui recevra un kit de d\u00e9sinfectants Prevail. A propos du lot de d\u00e9sinfectants Prevail Le gagnant recevra : Nous prenons en charge les frais d&rsquo;envoi ! Qui peut participer ? &hellip; <a href=\"https:\/\/prevaildisinfectants.ca\/fr\/les-abris-lemportent\/\">Continued<\/a><\/p>\n","protected":false},"author":4,"featured_media":0,"parent":0,"menu_order":0,"comment_status":"closed","ping_status":"closed","template":"template-plain.blade.php","meta":{"_acf_changed":false,"inline_featured_image":false,"footnotes":""},"class_list":["post-2988","page","type-page","status-publish","hentry"],"acf":[],"yoast_head":"<!-- This site is optimized with the Yoast SEO plugin v24.8.1 - https:\/\/yoast.com\/wordpress\/plugins\/seo\/ -->\n<title>Les abris l&#039;emportent - Prevail Disinfectants<\/title>\n<meta name=\"description\" content=\"Les d\u00e9sinfectants Prevail sont aliment\u00e9s par du Peroxyde d&#039;hydrog\u00e8ne acc\u00e9l\u00e9r\u00e9\u00ae et sont sp\u00e9cifiquement formul\u00e9s pour les \u00e9tablissements de sant\u00e9 animale. Nos produits homologu\u00e9s par Sant\u00e9 Canada sont efficaces contre un large \u00e9ventail d&#039;agents pathog\u00e8nes qui pr\u00e9occupent les \u00e9tablissements de soins pour animaux et sont valid\u00e9s et accept\u00e9s depuis des ann\u00e9es par la communaut\u00e9 scientifique de la sant\u00e9 animale.\" \/>\n<meta name=\"robots\" content=\"index, follow, max-snippet:-1, max-image-preview:large, max-video-preview:-1\" \/>\n<link rel=\"canonical\" href=\"https:\/\/prevaildisinfectants.ca\/fr\/les-abris-lemportent\/\" \/>\n<meta property=\"og:locale\" content=\"fr_FR\" \/>\n<meta property=\"og:type\" content=\"article\" \/>\n<meta property=\"og:title\" content=\"Les abris l&#039;emportent - Prevail Disinfectants\" \/>\n<meta property=\"og:description\" content=\"Les d\u00e9sinfectants Prevail sont aliment\u00e9s par du Peroxyde d&#039;hydrog\u00e8ne acc\u00e9l\u00e9r\u00e9\u00ae et sont sp\u00e9cifiquement formul\u00e9s pour les \u00e9tablissements de sant\u00e9 animale. Nos produits homologu\u00e9s par Sant\u00e9 Canada sont efficaces contre un large \u00e9ventail d&#039;agents pathog\u00e8nes qui pr\u00e9occupent les \u00e9tablissements de soins pour animaux et sont valid\u00e9s et accept\u00e9s depuis des ann\u00e9es par la communaut\u00e9 scientifique de la sant\u00e9 animale.\" \/>\n<meta property=\"og:url\" content=\"https:\/\/prevaildisinfectants.ca\/fr\/les-abris-lemportent\/\" \/>\n<meta property=\"og:site_name\" content=\"Prevail Disinfectants\" \/>\n<meta property=\"article:modified_time\" content=\"2025-12-09T20:58:34+00:00\" \/>\n<meta property=\"og:image\" content=\"https:\/\/prevaildisinfectants.ca\/wp-content\/uploads\/2023\/06\/Shelters-Prevail-header.jpg\" \/>\n\t<meta property=\"og:image:width\" content=\"1366\" \/>\n\t<meta property=\"og:image:height\" content=\"618\" \/>\n\t<meta property=\"og:image:type\" content=\"image\/jpeg\" \/>\n<meta name=\"twitter:card\" content=\"summary_large_image\" \/>\n<meta name=\"twitter:label1\" content=\"Dur\u00e9e de lecture estim\u00e9e\" \/>\n\t<meta name=\"twitter:data1\" content=\"1 minute\" \/>\n<script type=\"application\/ld+json\" class=\"yoast-schema-graph\">{\"@context\":\"https:\/\/schema.org\",\"@graph\":[{\"@type\":\"WebPage\",\"@id\":\"https:\/\/prevaildisinfectants.ca\/fr\/les-abris-lemportent\/\",\"url\":\"https:\/\/prevaildisinfectants.ca\/fr\/les-abris-lemportent\/\",\"name\":\"Les abris l'emportent - Prevail Disinfectants\",\"isPartOf\":{\"@id\":\"https:\/\/prevaildisinfectants.ca\/fr\/#website\"},\"primaryImageOfPage\":{\"@id\":\"https:\/\/prevaildisinfectants.ca\/fr\/les-abris-lemportent\/#primaryimage\"},\"image\":{\"@id\":\"https:\/\/prevaildisinfectants.ca\/fr\/les-abris-lemportent\/#primaryimage\"},\"thumbnailUrl\":\"https:\/\/prevaildisinfectants.ca\/wp-content\/uploads\/2023\/06\/Shelters-Prevail-header-1024x463.jpg\",\"datePublished\":\"2023-06-13T16:51:14+00:00\",\"dateModified\":\"2025-12-09T20:58:34+00:00\",\"description\":\"Les d\u00e9sinfectants Prevail sont aliment\u00e9s par du Peroxyde d'hydrog\u00e8ne acc\u00e9l\u00e9r\u00e9\u00ae et sont sp\u00e9cifiquement formul\u00e9s pour les \u00e9tablissements de sant\u00e9 animale. Nos produits homologu\u00e9s par Sant\u00e9 Canada sont efficaces contre un large \u00e9ventail d'agents pathog\u00e8nes qui pr\u00e9occupent les \u00e9tablissements de soins pour animaux et sont valid\u00e9s et accept\u00e9s depuis des ann\u00e9es par la communaut\u00e9 scientifique de la sant\u00e9 animale.\",\"breadcrumb\":{\"@id\":\"https:\/\/prevaildisinfectants.ca\/fr\/les-abris-lemportent\/#breadcrumb\"},\"inLanguage\":\"fr-FR\",\"potentialAction\":[{\"@type\":\"ReadAction\",\"target\":[\"https:\/\/prevaildisinfectants.ca\/fr\/les-abris-lemportent\/\"]}]},{\"@type\":\"ImageObject\",\"inLanguage\":\"fr-FR\",\"@id\":\"https:\/\/prevaildisinfectants.ca\/fr\/les-abris-lemportent\/#primaryimage\",\"url\":\"https:\/\/prevaildisinfectants.ca\/wp-content\/uploads\/2023\/06\/Shelters-Prevail-header-1024x463.jpg\",\"contentUrl\":\"https:\/\/prevaildisinfectants.ca\/wp-content\/uploads\/2023\/06\/Shelters-Prevail-header-1024x463.jpg\"},{\"@type\":\"BreadcrumbList\",\"@id\":\"https:\/\/prevaildisinfectants.ca\/fr\/les-abris-lemportent\/#breadcrumb\",\"itemListElement\":[{\"@type\":\"ListItem\",\"position\":1,\"name\":\"Home\",\"item\":\"https:\/\/prevaildisinfectants.ca\/fr\/accueil\/\"},{\"@type\":\"ListItem\",\"position\":2,\"name\":\"Les abris l&#8217;emportent\"}]},{\"@type\":\"WebSite\",\"@id\":\"https:\/\/prevaildisinfectants.ca\/fr\/#website\",\"url\":\"https:\/\/prevaildisinfectants.ca\/fr\/\",\"name\":\"Prevail Disinfectants\",\"description\":\"\",\"potentialAction\":[{\"@type\":\"SearchAction\",\"target\":{\"@type\":\"EntryPoint\",\"urlTemplate\":\"https:\/\/prevaildisinfectants.ca\/fr\/?s={search_term_string}\"},\"query-input\":{\"@type\":\"PropertyValueSpecification\",\"valueRequired\":true,\"valueName\":\"search_term_string\"}}],\"inLanguage\":\"fr-FR\"}]}<\/script>\n<!-- \/ Yoast SEO plugin. -->","yoast_head_json":{"title":"Les abris l'emportent - Prevail Disinfectants","description":"Les d\u00e9sinfectants Prevail sont aliment\u00e9s par du Peroxyde d'hydrog\u00e8ne acc\u00e9l\u00e9r\u00e9\u00ae et sont sp\u00e9cifiquement formul\u00e9s pour les \u00e9tablissements de sant\u00e9 animale. Nos produits homologu\u00e9s par Sant\u00e9 Canada sont efficaces contre un large \u00e9ventail d'agents pathog\u00e8nes qui pr\u00e9occupent les \u00e9tablissements de soins pour animaux et sont valid\u00e9s et accept\u00e9s depuis des ann\u00e9es par la communaut\u00e9 scientifique de la sant\u00e9 animale.","robots":{"index":"index","follow":"follow","max-snippet":"max-snippet:-1","max-image-preview":"max-image-preview:large","max-video-preview":"max-video-preview:-1"},"canonical":"https:\/\/prevaildisinfectants.ca\/fr\/les-abris-lemportent\/","og_locale":"fr_FR","og_type":"article","og_title":"Les abris l'emportent - Prevail Disinfectants","og_description":"Les d\u00e9sinfectants Prevail sont aliment\u00e9s par du Peroxyde d'hydrog\u00e8ne acc\u00e9l\u00e9r\u00e9\u00ae et sont sp\u00e9cifiquement formul\u00e9s pour les \u00e9tablissements de sant\u00e9 animale. Nos produits homologu\u00e9s par Sant\u00e9 Canada sont efficaces contre un large \u00e9ventail d'agents pathog\u00e8nes qui pr\u00e9occupent les \u00e9tablissements de soins pour animaux et sont valid\u00e9s et accept\u00e9s depuis des ann\u00e9es par la communaut\u00e9 scientifique de la sant\u00e9 animale.","og_url":"https:\/\/prevaildisinfectants.ca\/fr\/les-abris-lemportent\/","og_site_name":"Prevail Disinfectants","article_modified_time":"2025-12-09T20:58:34+00:00","og_image":[{"width":1366,"height":618,"url":"https:\/\/prevaildisinfectants.ca\/wp-content\/uploads\/2023\/06\/Shelters-Prevail-header.jpg","type":"image\/jpeg"}],"twitter_card":"summary_large_image","twitter_misc":{"Dur\u00e9e de lecture estim\u00e9e":"1 minute"},"schema":{"@context":"https:\/\/schema.org","@graph":[{"@type":"WebPage","@id":"https:\/\/prevaildisinfectants.ca\/fr\/les-abris-lemportent\/","url":"https:\/\/prevaildisinfectants.ca\/fr\/les-abris-lemportent\/","name":"Les abris l'emportent - Prevail Disinfectants","isPartOf":{"@id":"https:\/\/prevaildisinfectants.ca\/fr\/#website"},"primaryImageOfPage":{"@id":"https:\/\/prevaildisinfectants.ca\/fr\/les-abris-lemportent\/#primaryimage"},"image":{"@id":"https:\/\/prevaildisinfectants.ca\/fr\/les-abris-lemportent\/#primaryimage"},"thumbnailUrl":"https:\/\/prevaildisinfectants.ca\/wp-content\/uploads\/2023\/06\/Shelters-Prevail-header-1024x463.jpg","datePublished":"2023-06-13T16:51:14+00:00","dateModified":"2025-12-09T20:58:34+00:00","description":"Les d\u00e9sinfectants Prevail sont aliment\u00e9s par du Peroxyde d'hydrog\u00e8ne acc\u00e9l\u00e9r\u00e9\u00ae et sont sp\u00e9cifiquement formul\u00e9s pour les \u00e9tablissements de sant\u00e9 animale. Nos produits homologu\u00e9s par Sant\u00e9 Canada sont efficaces contre un large \u00e9ventail d'agents pathog\u00e8nes qui pr\u00e9occupent les \u00e9tablissements de soins pour animaux et sont valid\u00e9s et accept\u00e9s depuis des ann\u00e9es par la communaut\u00e9 scientifique de la sant\u00e9 animale.","breadcrumb":{"@id":"https:\/\/prevaildisinfectants.ca\/fr\/les-abris-lemportent\/#breadcrumb"},"inLanguage":"fr-FR","potentialAction":[{"@type":"ReadAction","target":["https:\/\/prevaildisinfectants.ca\/fr\/les-abris-lemportent\/"]}]},{"@type":"ImageObject","inLanguage":"fr-FR","@id":"https:\/\/prevaildisinfectants.ca\/fr\/les-abris-lemportent\/#primaryimage","url":"https:\/\/prevaildisinfectants.ca\/wp-content\/uploads\/2023\/06\/Shelters-Prevail-header-1024x463.jpg","contentUrl":"https:\/\/prevaildisinfectants.ca\/wp-content\/uploads\/2023\/06\/Shelters-Prevail-header-1024x463.jpg"},{"@type":"BreadcrumbList","@id":"https:\/\/prevaildisinfectants.ca\/fr\/les-abris-lemportent\/#breadcrumb","itemListElement":[{"@type":"ListItem","position":1,"name":"Home","item":"https:\/\/prevaildisinfectants.ca\/fr\/accueil\/"},{"@type":"ListItem","position":2,"name":"Les abris l&#8217;emportent"}]},{"@type":"WebSite","@id":"https:\/\/prevaildisinfectants.ca\/fr\/#website","url":"https:\/\/prevaildisinfectants.ca\/fr\/","name":"Prevail Disinfectants","description":"","potentialAction":[{"@type":"SearchAction","target":{"@type":"EntryPoint","urlTemplate":"https:\/\/prevaildisinfectants.ca\/fr\/?s={search_term_string}"},"query-input":{"@type":"PropertyValueSpecification","valueRequired":true,"valueName":"search_term_string"}}],"inLanguage":"fr-FR"}]}},"_links":{"self":[{"href":"https:\/\/prevaildisinfectants.ca\/fr\/wp-json\/wp\/v2\/pages\/2988","targetHints":{"allow":["GET"]}}],"collection":[{"href":"https:\/\/prevaildisinfectants.ca\/fr\/wp-json\/wp\/v2\/pages"}],"about":[{"href":"https:\/\/prevaildisinfectants.ca\/fr\/wp-json\/wp\/v2\/types\/page"}],"author":[{"embeddable":true,"href":"https:\/\/prevaildisinfectants.ca\/fr\/wp-json\/wp\/v2\/users\/4"}],"replies":[{"embeddable":true,"href":"https:\/\/prevaildisinfectants.ca\/fr\/wp-json\/wp\/v2\/comments?post=2988"}],"version-history":[{"count":3,"href":"https:\/\/prevaildisinfectants.ca\/fr\/wp-json\/wp\/v2\/pages\/2988\/revisions"}],"predecessor-version":[{"id":2991,"href":"https:\/\/prevaildisinfectants.ca\/fr\/wp-json\/wp\/v2\/pages\/2988\/revisions\/2991"}],"wp:attachment":[{"href":"https:\/\/prevaildisinfectants.ca\/fr\/wp-json\/wp\/v2\/media?parent=2988"}],"curies":[{"name":"wp","href":"https:\/\/api.w.org\/{rel}","templated":true}]}}