{"id":2976,"date":"2025-08-14T23:38:45","date_gmt":"2025-08-15T03:38:45","guid":{"rendered":"https:\/\/prevaildisinfectants.ca\/pret-a-lemploi\/"},"modified":"2025-12-09T15:58:35","modified_gmt":"2025-12-09T20:58:35","slug":"pret-a-lemploi","status":"publish","type":"page","link":"https:\/\/prevaildisinfectants.ca\/fr\/pret-a-lemploi\/","title":{"rendered":"Pr\u00eat \u00e0 l&#8217;emploi"},"content":{"rendered":"<div class=\"section pb-8 md:pb-0\" id=\"content-section-3-5fc\"  data-white-logo=\"false\" data-hamburger=\"blanc\">\n  <div class=\"content-section-3  relative \">\n    <div class=\"container container--xl\">\n      <div class=\"flex flex-wrap flex-row align-stretch -mx-4 lg:-mx-8 min-h-screen flex-row-reverse\">\n                  <div class=\"w-full md:w-3\/5 md:px-4 lg:px-8 flex relative mb-6 md:mb-0 justify-start\">\n            <div class=\"bg-img lozad bg-cover bg-center bg-no-repeat md:h-full md:inset-y-0 md:absolute left-0 md:ml-8\" data-background-image=\"https:\/\/prevaildisinfectants.ca\/wp-content\/uploads\/2023\/06\/RTU-0204_1minContact-1400x933.jpg\"><\/div>\n          <\/div>\n                <div class=\"w-full md:w-2\/5 px-4 lg:px-8 flex flex-col justify-center\">\n          <div class=\"content-group max-w-3xl text-xl xl:text-2xl pb-20 md:py-28 \">\n            <p><\/p>\n<h2>D\u00e9sinfectant Prevail pr\u00eat \u00e0 l&#8217;emploi (RTU)<\/h2>\n<p>Une solution pr\u00e9-m\u00e9lang\u00e9e rapide qui ne n\u00e9cessite aucune dilution.<\/p>\n<p>Id\u00e9al pour une utilisation quotidienne sur les petites surfaces (tables d&rsquo;examen, mat\u00e9riel de toilettage et de manipulation).<\/p>\n<ul>\n<li>Le d\u00e9sinfectant Prevail pr\u00eat \u00e0 l&#8217;emploi est efficace en 1 minute contre le parvovirus canin, la toux de chenil<em>(Bordetella)<\/em>, le virus de la panleucop\u00e9nie f\u00e9line, etc.<\/li>\n<li>Facile \u00e0 utiliser : solution pr\u00e9-m\u00e9lang\u00e9e, ne n\u00e9cessitant pas de dilution<\/li>\n<li>Id\u00e9al pour : tables de chirurgie, tables d&rsquo;examen, mat\u00e9riel de toilettage et de manutention<\/li>\n<li><span style=\"text-decoration: underline;\">Offres pr\u00eates \u00e0 l&#8217;emploi :<\/span> 1 L, 3,78 L<\/li>\n<li><span style=\"text-decoration: underline;\">Dur\u00e9e de conservation :<\/span> 3 ans<\/li>\n<\/ul>\n\n\n            \n                          <div class=\"flex flex-wrap -mx-1 mt-10 buttons-wrap\">\n                                  \n                                      <div class=\"p-1\">\n                      <a href=\"https:\/\/info.virox.com\/hubfs\/Prevail%20-%20Companion%20-%20Resources\/Prevail%20Companion%20Labels\/PROOF-8344_Virox_Prevail-COMP-WPLabel-RTU-02F.pdf\" target=\"_blank\"  class=\" btn btn--transparent\">Commander des \u00e9tiquettes pour le lieu de travail<\/a>\n                    <\/div>\n                                                <\/div>\n            \n                          <div class=\"flex flex-wrap -mx-1 mt-10 buttons-wrap\">\n                                  \n                                      <div class=\"p-1\">\n                      <div class=\"dropdown-group\">\n                        <span class=\"btn btn--transparent btn--arrow\">En savoir plus<\/span>\n\n                        <ul class=\"dropdown-list\">\n                                                                                                                <li>\n                                <a href=\"https:\/\/prevaildisinfectants.ca\/wp-content\/uploads\/2023\/04\/V_2025_Prevail_SellSheet_eng.pdf\" target=\"_blank\"  class=\" \">Fiche produit<\/a>\n                              <\/li>\n                                                                                                                                            <li>\n                                <a href=\"https:\/\/prevaildisinfectants.ca\/wp-content\/uploads\/2023\/04\/Virox-Prevail-RTU-RefSheet-Eng-01F_new.pdf\" target=\"_blank\"  class=\" \">Fiche de r\u00e9f\u00e9rence : All\u00e9gations d&rsquo;efficacit\u00e9 u0026 Utilisation (fran\u00e7ais u0026 anglais)<\/a>\n                              <\/li>\n                                                                                                                                            <li>\n                                <a href=\" \nhttps:\/\/prevaildisinfectants.ca\/prevail-pathogen-claims-2023\/\n \" target=\"_blank\"  class=\" \">Recherche d&rsquo;une revendication sp\u00e9cifique<\/a>\n                              <\/li>\n                                                                                                                                            <li>\n                                <a href=\"https:\/\/prevaildisinfectants.ca\/wp-content\/uploads\/2023\/01\/Safety-Data-Sheet_RTU-EN.pdf\" target=\"_blank\"  class=\" \">Fiche de donn\u00e9es de s\u00e9curit\u00e9 (anglais)<\/a>\n                              <\/li>\n                                                                                                                                            <li>\n                                <a href=\"https:\/\/prevaildisinfectants.ca\/safety-data-sheet-rtu-french\/\" target=\"_blank\"  class=\" \">Fiche de donn\u00e9es de s\u00e9curit\u00e9 (fran\u00e7ais)<\/a>\n                              <\/li>\n                                                                              <\/ul>\n                      <\/div>\n                    <\/div>\n                                                    \n                                      <div class=\"p-1\">\n                      <div class=\"dropdown-group\">\n                        <span class=\"btn btn--transparent btn--arrow\">Comment l&rsquo;utiliser<\/span>\n\n                        <ul class=\"dropdown-list\">\n                                                                                                                <li>\n                                <a href=\"https:\/\/prevaildisinfectants.ca\/wp-content\/uploads\/2023\/01\/Quick-Start-Guide_RTU.pdf\" target=\"_blank\"  class=\" \">Guide de d\u00e9marrage rapide (Mode d&#8217;emploi u0026 Conseils)<\/a>\n                              <\/li>\n                                                                                                                                            <li>\n                                <a href=\"https:\/\/prevaildisinfectants.ca\/equipment-and-accessories\/\" target=\"_blank\"  class=\" \">\u00c9quipements et accessoires<\/a>\n                              <\/li>\n                                                                              <\/ul>\n                      <\/div>\n                    <\/div>\n                                                <\/div>\n                      <\/div>\n        <\/div>\n      <\/div>\n    <\/div>\n\n          <a href=\"#\" class=\"scroll-arrow scroll-arrow--blanc\">\n        <?xml version=\"1.0\" encoding=\"UTF-8\"?>\n<svg width=\"26\" height=\"42\" fill=\"#0079c0\" xmlns=\"http:\/\/www.w3.org\/2000\/svg\" viewBox=\"0 0 26.5 43.25\"><path class=\"cls-1\" d=\"M0,20.85l3.3-3.4,7.6,7.65V0h4.7V25.1l7.6-7.55,3.3,3.3-13.25,13.25L0,20.85Zm.4,17.7H26.1v4.7H.4v-4.7Z\"\/><\/svg>\n\n      <\/a>\n      <\/div>\n<\/div>\n","protected":false},"excerpt":{"rendered":"","protected":false},"author":4,"featured_media":0,"parent":0,"menu_order":0,"comment_status":"closed","ping_status":"closed","template":"","meta":{"_acf_changed":false,"inline_featured_image":false,"footnotes":""},"class_list":["post-2976","page","type-page","status-publish","hentry"],"acf":[],"yoast_head":"<!-- This site is optimized with the Yoast SEO plugin v24.8.1 - https:\/\/yoast.com\/wordpress\/plugins\/seo\/ -->\n<title>Pr\u00eat \u00e0 l&#039;emploi - Prevail Disinfectants<\/title>\n<meta name=\"description\" content=\"Le d\u00e9sinfectant Prevail pr\u00eat \u00e0 l&#039;emploi est efficace en 1 minute contre le parvovirus canin, la toux de chenil (Bordetella), le virus de la panleucop\u00e9nie f\u00e9line et bien d&#039;autres encore. Aucune dilution n&#039;est n\u00e9cessaire !\" \/>\n<meta name=\"robots\" content=\"index, follow, max-snippet:-1, max-image-preview:large, max-video-preview:-1\" \/>\n<link rel=\"canonical\" href=\"https:\/\/prevaildisinfectants.ca\/fr\/pret-a-lemploi\/\" \/>\n<meta property=\"og:locale\" content=\"fr_FR\" \/>\n<meta property=\"og:type\" content=\"article\" \/>\n<meta property=\"og:title\" content=\"Pr\u00eat \u00e0 l&#039;emploi - Prevail Disinfectants\" \/>\n<meta property=\"og:description\" content=\"Le d\u00e9sinfectant Prevail pr\u00eat \u00e0 l&#039;emploi est efficace en 1 minute contre le parvovirus canin, la toux de chenil (Bordetella), le virus de la panleucop\u00e9nie f\u00e9line et bien d&#039;autres encore. Aucune dilution n&#039;est n\u00e9cessaire !\" \/>\n<meta property=\"og:url\" content=\"https:\/\/prevaildisinfectants.ca\/fr\/pret-a-lemploi\/\" \/>\n<meta property=\"og:site_name\" content=\"Prevail Disinfectants\" \/>\n<meta property=\"article:modified_time\" content=\"2025-12-09T20:58:35+00:00\" \/>\n<meta name=\"twitter:card\" content=\"summary_large_image\" \/>\n<script type=\"application\/ld+json\" class=\"yoast-schema-graph\">{\"@context\":\"https:\/\/schema.org\",\"@graph\":[{\"@type\":\"WebPage\",\"@id\":\"https:\/\/prevaildisinfectants.ca\/fr\/pret-a-lemploi\/\",\"url\":\"https:\/\/prevaildisinfectants.ca\/fr\/pret-a-lemploi\/\",\"name\":\"Pr\u00eat \u00e0 l'emploi - Prevail Disinfectants\",\"isPartOf\":{\"@id\":\"https:\/\/prevaildisinfectants.ca\/fr\/#website\"},\"datePublished\":\"2025-08-15T03:38:45+00:00\",\"dateModified\":\"2025-12-09T20:58:35+00:00\",\"description\":\"Le d\u00e9sinfectant Prevail pr\u00eat \u00e0 l'emploi est efficace en 1 minute contre le parvovirus canin, la toux de chenil (Bordetella), le virus de la panleucop\u00e9nie f\u00e9line et bien d'autres encore. Aucune dilution n'est n\u00e9cessaire !\",\"breadcrumb\":{\"@id\":\"https:\/\/prevaildisinfectants.ca\/fr\/pret-a-lemploi\/#breadcrumb\"},\"inLanguage\":\"fr-FR\",\"potentialAction\":[{\"@type\":\"ReadAction\",\"target\":[\"https:\/\/prevaildisinfectants.ca\/fr\/pret-a-lemploi\/\"]}]},{\"@type\":\"BreadcrumbList\",\"@id\":\"https:\/\/prevaildisinfectants.ca\/fr\/pret-a-lemploi\/#breadcrumb\",\"itemListElement\":[{\"@type\":\"ListItem\",\"position\":1,\"name\":\"Home\",\"item\":\"https:\/\/prevaildisinfectants.ca\/fr\/accueil\/\"},{\"@type\":\"ListItem\",\"position\":2,\"name\":\"Pr\u00eat \u00e0 l&#8217;emploi\"}]},{\"@type\":\"WebSite\",\"@id\":\"https:\/\/prevaildisinfectants.ca\/fr\/#website\",\"url\":\"https:\/\/prevaildisinfectants.ca\/fr\/\",\"name\":\"Prevail Disinfectants\",\"description\":\"\",\"potentialAction\":[{\"@type\":\"SearchAction\",\"target\":{\"@type\":\"EntryPoint\",\"urlTemplate\":\"https:\/\/prevaildisinfectants.ca\/fr\/?s={search_term_string}\"},\"query-input\":{\"@type\":\"PropertyValueSpecification\",\"valueRequired\":true,\"valueName\":\"search_term_string\"}}],\"inLanguage\":\"fr-FR\"}]}<\/script>\n<!-- \/ Yoast SEO plugin. -->","yoast_head_json":{"title":"Pr\u00eat \u00e0 l'emploi - Prevail Disinfectants","description":"Le d\u00e9sinfectant Prevail pr\u00eat \u00e0 l'emploi est efficace en 1 minute contre le parvovirus canin, la toux de chenil (Bordetella), le virus de la panleucop\u00e9nie f\u00e9line et bien d'autres encore. Aucune dilution n'est n\u00e9cessaire !","robots":{"index":"index","follow":"follow","max-snippet":"max-snippet:-1","max-image-preview":"max-image-preview:large","max-video-preview":"max-video-preview:-1"},"canonical":"https:\/\/prevaildisinfectants.ca\/fr\/pret-a-lemploi\/","og_locale":"fr_FR","og_type":"article","og_title":"Pr\u00eat \u00e0 l'emploi - Prevail Disinfectants","og_description":"Le d\u00e9sinfectant Prevail pr\u00eat \u00e0 l'emploi est efficace en 1 minute contre le parvovirus canin, la toux de chenil (Bordetella), le virus de la panleucop\u00e9nie f\u00e9line et bien d'autres encore. Aucune dilution n'est n\u00e9cessaire !","og_url":"https:\/\/prevaildisinfectants.ca\/fr\/pret-a-lemploi\/","og_site_name":"Prevail Disinfectants","article_modified_time":"2025-12-09T20:58:35+00:00","twitter_card":"summary_large_image","schema":{"@context":"https:\/\/schema.org","@graph":[{"@type":"WebPage","@id":"https:\/\/prevaildisinfectants.ca\/fr\/pret-a-lemploi\/","url":"https:\/\/prevaildisinfectants.ca\/fr\/pret-a-lemploi\/","name":"Pr\u00eat \u00e0 l'emploi - Prevail Disinfectants","isPartOf":{"@id":"https:\/\/prevaildisinfectants.ca\/fr\/#website"},"datePublished":"2025-08-15T03:38:45+00:00","dateModified":"2025-12-09T20:58:35+00:00","description":"Le d\u00e9sinfectant Prevail pr\u00eat \u00e0 l'emploi est efficace en 1 minute contre le parvovirus canin, la toux de chenil (Bordetella), le virus de la panleucop\u00e9nie f\u00e9line et bien d'autres encore. Aucune dilution n'est n\u00e9cessaire !","breadcrumb":{"@id":"https:\/\/prevaildisinfectants.ca\/fr\/pret-a-lemploi\/#breadcrumb"},"inLanguage":"fr-FR","potentialAction":[{"@type":"ReadAction","target":["https:\/\/prevaildisinfectants.ca\/fr\/pret-a-lemploi\/"]}]},{"@type":"BreadcrumbList","@id":"https:\/\/prevaildisinfectants.ca\/fr\/pret-a-lemploi\/#breadcrumb","itemListElement":[{"@type":"ListItem","position":1,"name":"Home","item":"https:\/\/prevaildisinfectants.ca\/fr\/accueil\/"},{"@type":"ListItem","position":2,"name":"Pr\u00eat \u00e0 l&#8217;emploi"}]},{"@type":"WebSite","@id":"https:\/\/prevaildisinfectants.ca\/fr\/#website","url":"https:\/\/prevaildisinfectants.ca\/fr\/","name":"Prevail Disinfectants","description":"","potentialAction":[{"@type":"SearchAction","target":{"@type":"EntryPoint","urlTemplate":"https:\/\/prevaildisinfectants.ca\/fr\/?s={search_term_string}"},"query-input":{"@type":"PropertyValueSpecification","valueRequired":true,"valueName":"search_term_string"}}],"inLanguage":"fr-FR"}]}},"_links":{"self":[{"href":"https:\/\/prevaildisinfectants.ca\/fr\/wp-json\/wp\/v2\/pages\/2976","targetHints":{"allow":["GET"]}}],"collection":[{"href":"https:\/\/prevaildisinfectants.ca\/fr\/wp-json\/wp\/v2\/pages"}],"about":[{"href":"https:\/\/prevaildisinfectants.ca\/fr\/wp-json\/wp\/v2\/types\/page"}],"author":[{"embeddable":true,"href":"https:\/\/prevaildisinfectants.ca\/fr\/wp-json\/wp\/v2\/users\/4"}],"replies":[{"embeddable":true,"href":"https:\/\/prevaildisinfectants.ca\/fr\/wp-json\/wp\/v2\/comments?post=2976"}],"version-history":[{"count":1,"href":"https:\/\/prevaildisinfectants.ca\/fr\/wp-json\/wp\/v2\/pages\/2976\/revisions"}],"predecessor-version":[{"id":2978,"href":"https:\/\/prevaildisinfectants.ca\/fr\/wp-json\/wp\/v2\/pages\/2976\/revisions\/2978"}],"wp:attachment":[{"href":"https:\/\/prevaildisinfectants.ca\/fr\/wp-json\/wp\/v2\/media?parent=2976"}],"curies":[{"name":"wp","href":"https:\/\/api.w.org\/{rel}","templated":true}]}}