{"id":2969,"date":"2024-06-06T14:48:22","date_gmt":"2024-06-06T18:48:22","guid":{"rendered":"https:\/\/prevaildisinfectants.ca\/offre-groupee-dequipements-prevail\/"},"modified":"2025-12-09T15:58:34","modified_gmt":"2025-12-09T20:58:34","slug":"offre-groupee-dequipements-prevail","status":"publish","type":"page","link":"https:\/\/prevaildisinfectants.ca\/fr\/offre-groupee-dequipements-prevail\/","title":{"rendered":"Offre group\u00e9e d&rsquo;\u00e9quipements Prevail"},"content":{"rendered":"\n<p><\/p>\n<div class=\"section pb-8 md:pb-0\" id=\"content-section-3-93e\"  data-white-logo=\"true\" data-hamburger=\"primaire\">\n  <div class=\"content-section-3  relative \">\n    <div class=\"container container--xl\">\n      <div class=\"flex flex-wrap flex-row align-stretch -mx-4 lg:-mx-8 min-h-screen \">\n                  <div class=\"w-full md:w-1\/2 md:px-4 lg:px-8 flex relative mb-6 md:mb-0 justify-end\">\n            <div class=\"bg-img lozad bg-cover bg-center bg-no-repeat md:h-full md:inset-y-0 md:absolute right-0 md:mr-8\" data-background-image=\"https:\/\/prevaildisinfectants.ca\/wp-content\/uploads\/2024\/06\/Untitled-960-x-1080-px-6-min.png\"><\/div>\n          <\/div>\n                <div class=\"w-full md:w-1\/2 px-4 lg:px-8 flex flex-col justify-center\">\n          <div class=\"content-group max-w-3xl text-xl xl:text-2xl pb-20 md:py-28 \">\n            <h2>L&rsquo;utilisation de Prevail\u2122 n&rsquo;a jamais \u00e9t\u00e9 aussi simple<\/h2>\n<h3>2 options d&rsquo;offres group\u00e9es disponibles !<\/h3>\n<h4><strong>L&rsquo;ensemble Prevail 18.9L avec station de m\u00e9lange comprend :<\/strong><\/h4>\n<p><img decoding=\"async\" class=\"alignleft wp-image-2484 size-medium\" src=\"https:\/\/prevaildisinfectants.ca\/wp-content\/uploads\/2024\/06\/Bundle-Imagery-2-300x300.png\" alt=\"Option 1 de l'offre group\u00e9e Prevail\" width=\"300\" height=\"300\" srcset=\"https:\/\/prevaildisinfectants.ca\/wp-content\/uploads\/2024\/06\/Bundle-Imagery-2-300x300.png 300w, https:\/\/prevaildisinfectants.ca\/wp-content\/uploads\/2024\/06\/Bundle-Imagery-2-1024x1024.png 1024w, https:\/\/prevaildisinfectants.ca\/wp-content\/uploads\/2024\/06\/Bundle-Imagery-2-150x150.png 150w, https:\/\/prevaildisinfectants.ca\/wp-content\/uploads\/2024\/06\/Bundle-Imagery-2-768x768.png 768w, https:\/\/prevaildisinfectants.ca\/wp-content\/uploads\/2024\/06\/Bundle-Imagery-2-400x400.png 400w, https:\/\/prevaildisinfectants.ca\/wp-content\/uploads\/2024\/06\/Bundle-Imagery-2-700x700.png 700w, https:\/\/prevaildisinfectants.ca\/wp-content\/uploads\/2024\/06\/Bundle-Imagery-2.png 1080w\" sizes=\"(max-width: 300px) 100vw, 300px\" \/> <!-- wp:paragraph --><\/p>\n<p>&nbsp;<\/p>\n<p><strong>Sp\u00e9cial : 976,45<\/strong><\/p>\n<p><em>(avant taxes, frais de transport inclus)<\/em><\/p>\n<p>&#8211; Station de m\u00e9lange \u00e0 deux voies<\/p>\n<p>&#8211; Deux seaux de concentr\u00e9 Prevail de 18,9 litres<\/p>\n<p>&#8211; AHP1750 Bandelettes de test<\/p>\n<p><!-- \/wp:paragraph --> <!-- wp:paragraph --><\/p>\n<p><em>SKU 909-HDP007-PROMO25<\/em><\/p>\n<p><!-- \/wp:paragraph --><\/p>\n<p>&nbsp;<\/p>\n<p>&nbsp;<\/p>\n<p>&nbsp;<\/p>\n<h4><strong>L&rsquo;ensemble Prevail 200L avec station de m\u00e9lange comprend<\/strong><\/h4>\n<p><img decoding=\"async\" class=\"alignleft wp-image-2485 size-medium\" src=\"https:\/\/prevaildisinfectants.ca\/wp-content\/uploads\/2024\/06\/Bundle-Imagery-3-300x300.png\" alt=\"Option 1 de l'offre group\u00e9e Prevail\" width=\"300\" height=\"300\" srcset=\"https:\/\/prevaildisinfectants.ca\/wp-content\/uploads\/2024\/06\/Bundle-Imagery-3-300x300.png 300w, https:\/\/prevaildisinfectants.ca\/wp-content\/uploads\/2024\/06\/Bundle-Imagery-3-1024x1024.png 1024w, https:\/\/prevaildisinfectants.ca\/wp-content\/uploads\/2024\/06\/Bundle-Imagery-3-150x150.png 150w, https:\/\/prevaildisinfectants.ca\/wp-content\/uploads\/2024\/06\/Bundle-Imagery-3-768x768.png 768w, https:\/\/prevaildisinfectants.ca\/wp-content\/uploads\/2024\/06\/Bundle-Imagery-3-400x400.png 400w, https:\/\/prevaildisinfectants.ca\/wp-content\/uploads\/2024\/06\/Bundle-Imagery-3-700x700.png 700w, https:\/\/prevaildisinfectants.ca\/wp-content\/uploads\/2024\/06\/Bundle-Imagery-3.png 1080w\" sizes=\"(max-width: 300px) 100vw, 300px\" \/><!-- wp:paragraph --><\/p>\n<p>&nbsp;<\/p>\n<p><strong>Sp\u00e9cial : 2 402,50<\/strong><\/p>\n<p><em>(avant taxes, frais de transport inclus)<\/em><\/p>\n<p>&#8211; Station de m\u00e9lange \u00e0 deux voies<\/p>\n<p>&#8211; Tambour de concentr\u00e9 Prevail 200L<\/p>\n<p>&#8211; AHP1750 Bandelettes de test<\/p>\n<p><!-- \/wp:paragraph --> <!-- wp:paragraph --><\/p>\n<p><em>SKU 909-HDP007-PROMOFREE<\/em><\/p>\n\n\n            \n                          <div class=\"flex flex-wrap -mx-1 mt-10 buttons-wrap\">\n                                  \n                                      <div class=\"p-1\">\n                      <a href=\"https:\/\/share.hsforms.com\/1a65CeUVBRv6dzxkeMxQLGQ565c\" target=\"_blank\"  class=\" btn btn--primaire\">Contactez nous<\/a>\n                    <\/div>\n                                                <\/div>\n            \n                      <\/div>\n        <\/div>\n      <\/div>\n    <\/div>\n\n      <\/div>\n<\/div>\n<div class=\"section\" id=\"content-section-2-35e\"  data-white-logo=\"false\" data-hamburger=\"primaire\">\n  <div class=\"content-section-2 py-24 flex flex-col justify-center items-center min-h-screen relative \">\n    <div class=\"container container--xl\">\n      <div class=\"flex flex-wrap flex-row -mx-4 lg:-mx-6 items-center text-center md:text-left flex-row-reverse\">\n                  <div class=\"w-full md:w-2\/5 px-4 lg:px-6 mb-6 md:mb-0\">\n            <img decoding=\"async\" class=\"lozad\" src=\"data:image\/svg+xml,%3Csvg xmlns='http:\/\/www.w3.org\/2000\/svg' viewBox='0 0 1024 1024'%3E%3C\/svg%3E\" data-src=\"https:\/\/prevaildisinfectants.ca\/wp-content\/uploads\/2024\/06\/image-13-1024x1024.png\" width=\"1024\" height=\"1024\" alt=\"\">\n          <\/div>\n                <div class=\"w-full md:w-3\/5 px-4 lg:px-6\">\n          <div class=\"content-group max-w-3xl text-xl xl:text-3xl\">\n            <h2 style=\"text-align: left;\">D\u00e9couvrez l&rsquo;avantage Prevail<\/h2>\n<ul>\n<li style=\"text-align: left;\">La station de m\u00e9lange facilite la pr\u00e9paration de la d\u00e9sinfection =<strong> MOINS D&rsquo;ERREURS HUMAINES, MOINS DE D\u00c9CHETS DE PRODUITS, MOINS DE TEMPS<\/strong><\/li>\n<li style=\"text-align: left;\">Format plus grand du concentr\u00e9 = <strong>EFFICACIT\u00c9 ACCRUE DES CO\u00dbTS<\/strong><\/li>\n<li style=\"text-align: left;\">La station de m\u00e9lange assure des dilutions pr\u00e9cises = <strong>PLUS D&rsquo;EFFICACIT\u00c9 ET DE S\u00c9CURIT\u00c9<\/strong><\/li>\n<li style=\"text-align: left;\">Assistance \u00e0 l&rsquo;installation** et ressources = <strong>L&rsquo;assistance \u00e0 port\u00e9e de main<\/strong><\/li>\n<\/ul>\n\n\n                          <div class=\"mt-10\">\n                <a href=\"https:\/\/share.hsforms.com\/1a65CeUVBRv6dzxkeMxQLGQ565c\"   class=\" btn btn--primary\">Passez votre commande aujourd&rsquo;hui<\/a>\n              <\/div>\n                      <\/div>\n        <\/div>\n      <\/div>\n    <\/div>\n\n      <\/div>\n<\/div>\n","protected":false},"excerpt":{"rendered":"","protected":false},"author":4,"featured_media":2734,"parent":0,"menu_order":0,"comment_status":"closed","ping_status":"closed","template":"","meta":{"_acf_changed":false,"inline_featured_image":false,"footnotes":""},"class_list":["post-2969","page","type-page","status-publish","has-post-thumbnail","hentry"],"acf":[],"yoast_head":"<!-- This site is optimized with the Yoast SEO plugin v24.8.1 - https:\/\/yoast.com\/wordpress\/plugins\/seo\/ -->\n<title>Ensemble d&#039;\u00e9quipements - D\u00e9sinfectants Prevail<\/title>\n<meta name=\"description\" content=\"L&#039;utilisation de Prevail\u2122 n&#039;a jamais \u00e9t\u00e9 aussi simple. Assurez votre s\u00e9curit\u00e9 et votre protection, celles de votre personnel, de votre cabinet, de vos clients et de vos patients en facilitant la mise en \u0153uvre de la d\u00e9sinfection.\" \/>\n<meta name=\"robots\" content=\"index, follow, max-snippet:-1, max-image-preview:large, max-video-preview:-1\" \/>\n<link rel=\"canonical\" href=\"https:\/\/prevaildisinfectants.ca\/fr\/offre-groupee-dequipements-prevail\/\" \/>\n<meta property=\"og:locale\" content=\"fr_FR\" \/>\n<meta property=\"og:type\" content=\"article\" \/>\n<meta property=\"og:title\" content=\"Ensemble d&#039;\u00e9quipements - D\u00e9sinfectants Prevail\" \/>\n<meta property=\"og:description\" content=\"L&#039;utilisation de Prevail\u2122 n&#039;a jamais \u00e9t\u00e9 aussi simple. Assurez votre s\u00e9curit\u00e9 et votre protection, celles de votre personnel, de votre cabinet, de vos clients et de vos patients en facilitant la mise en \u0153uvre de la d\u00e9sinfection.\" \/>\n<meta property=\"og:url\" content=\"https:\/\/prevaildisinfectants.ca\/fr\/offre-groupee-dequipements-prevail\/\" \/>\n<meta property=\"og:site_name\" content=\"Prevail Disinfectants\" \/>\n<meta property=\"article:modified_time\" content=\"2025-12-09T20:58:34+00:00\" \/>\n<meta property=\"og:image\" content=\"https:\/\/prevaildisinfectants.ca\/wp-content\/uploads\/2024\/06\/LIMITED-TIME-PREVAIL-EQUIPMENT-BUNDLE-OFFER.png\" \/>\n\t<meta property=\"og:image:width\" content=\"2560\" \/>\n\t<meta property=\"og:image:height\" content=\"1842\" \/>\n\t<meta property=\"og:image:type\" content=\"image\/png\" \/>\n<meta name=\"twitter:card\" content=\"summary_large_image\" \/>\n<script type=\"application\/ld+json\" class=\"yoast-schema-graph\">{\"@context\":\"https:\/\/schema.org\",\"@graph\":[{\"@type\":\"WebPage\",\"@id\":\"https:\/\/prevaildisinfectants.ca\/fr\/offre-groupee-dequipements-prevail\/\",\"url\":\"https:\/\/prevaildisinfectants.ca\/fr\/offre-groupee-dequipements-prevail\/\",\"name\":\"Ensemble d'\u00e9quipements - D\u00e9sinfectants Prevail\",\"isPartOf\":{\"@id\":\"https:\/\/prevaildisinfectants.ca\/fr\/#website\"},\"primaryImageOfPage\":{\"@id\":\"https:\/\/prevaildisinfectants.ca\/fr\/offre-groupee-dequipements-prevail\/#primaryimage\"},\"image\":{\"@id\":\"https:\/\/prevaildisinfectants.ca\/fr\/offre-groupee-dequipements-prevail\/#primaryimage\"},\"thumbnailUrl\":\"https:\/\/prevaildisinfectants.ca\/wp-content\/uploads\/2024\/06\/LIMITED-TIME-PREVAIL-EQUIPMENT-BUNDLE-OFFER.png\",\"datePublished\":\"2024-06-06T18:48:22+00:00\",\"dateModified\":\"2025-12-09T20:58:34+00:00\",\"description\":\"L'utilisation de Prevail\u2122 n'a jamais \u00e9t\u00e9 aussi simple. Assurez votre s\u00e9curit\u00e9 et votre protection, celles de votre personnel, de votre cabinet, de vos clients et de vos patients en facilitant la mise en \u0153uvre de la d\u00e9sinfection.\",\"breadcrumb\":{\"@id\":\"https:\/\/prevaildisinfectants.ca\/fr\/offre-groupee-dequipements-prevail\/#breadcrumb\"},\"inLanguage\":\"fr-FR\",\"potentialAction\":[{\"@type\":\"ReadAction\",\"target\":[\"https:\/\/prevaildisinfectants.ca\/fr\/offre-groupee-dequipements-prevail\/\"]}]},{\"@type\":\"ImageObject\",\"inLanguage\":\"fr-FR\",\"@id\":\"https:\/\/prevaildisinfectants.ca\/fr\/offre-groupee-dequipements-prevail\/#primaryimage\",\"url\":\"https:\/\/prevaildisinfectants.ca\/wp-content\/uploads\/2024\/06\/LIMITED-TIME-PREVAIL-EQUIPMENT-BUNDLE-OFFER.png\",\"contentUrl\":\"https:\/\/prevaildisinfectants.ca\/wp-content\/uploads\/2024\/06\/LIMITED-TIME-PREVAIL-EQUIPMENT-BUNDLE-OFFER.png\",\"width\":2560,\"height\":1842},{\"@type\":\"BreadcrumbList\",\"@id\":\"https:\/\/prevaildisinfectants.ca\/fr\/offre-groupee-dequipements-prevail\/#breadcrumb\",\"itemListElement\":[{\"@type\":\"ListItem\",\"position\":1,\"name\":\"Home\",\"item\":\"https:\/\/prevaildisinfectants.ca\/fr\/accueil\/\"},{\"@type\":\"ListItem\",\"position\":2,\"name\":\"Offre group\u00e9e d&#8217;\u00e9quipements Prevail\"}]},{\"@type\":\"WebSite\",\"@id\":\"https:\/\/prevaildisinfectants.ca\/fr\/#website\",\"url\":\"https:\/\/prevaildisinfectants.ca\/fr\/\",\"name\":\"Prevail Disinfectants\",\"description\":\"\",\"potentialAction\":[{\"@type\":\"SearchAction\",\"target\":{\"@type\":\"EntryPoint\",\"urlTemplate\":\"https:\/\/prevaildisinfectants.ca\/fr\/?s={search_term_string}\"},\"query-input\":{\"@type\":\"PropertyValueSpecification\",\"valueRequired\":true,\"valueName\":\"search_term_string\"}}],\"inLanguage\":\"fr-FR\"}]}<\/script>\n<!-- \/ Yoast SEO plugin. -->","yoast_head_json":{"title":"Ensemble d'\u00e9quipements - D\u00e9sinfectants Prevail","description":"L'utilisation de Prevail\u2122 n'a jamais \u00e9t\u00e9 aussi simple. Assurez votre s\u00e9curit\u00e9 et votre protection, celles de votre personnel, de votre cabinet, de vos clients et de vos patients en facilitant la mise en \u0153uvre de la d\u00e9sinfection.","robots":{"index":"index","follow":"follow","max-snippet":"max-snippet:-1","max-image-preview":"max-image-preview:large","max-video-preview":"max-video-preview:-1"},"canonical":"https:\/\/prevaildisinfectants.ca\/fr\/offre-groupee-dequipements-prevail\/","og_locale":"fr_FR","og_type":"article","og_title":"Ensemble d'\u00e9quipements - D\u00e9sinfectants Prevail","og_description":"L'utilisation de Prevail\u2122 n'a jamais \u00e9t\u00e9 aussi simple. Assurez votre s\u00e9curit\u00e9 et votre protection, celles de votre personnel, de votre cabinet, de vos clients et de vos patients en facilitant la mise en \u0153uvre de la d\u00e9sinfection.","og_url":"https:\/\/prevaildisinfectants.ca\/fr\/offre-groupee-dequipements-prevail\/","og_site_name":"Prevail Disinfectants","article_modified_time":"2025-12-09T20:58:34+00:00","og_image":[{"width":2560,"height":1842,"url":"https:\/\/prevaildisinfectants.ca\/wp-content\/uploads\/2024\/06\/LIMITED-TIME-PREVAIL-EQUIPMENT-BUNDLE-OFFER.png","type":"image\/png"}],"twitter_card":"summary_large_image","schema":{"@context":"https:\/\/schema.org","@graph":[{"@type":"WebPage","@id":"https:\/\/prevaildisinfectants.ca\/fr\/offre-groupee-dequipements-prevail\/","url":"https:\/\/prevaildisinfectants.ca\/fr\/offre-groupee-dequipements-prevail\/","name":"Ensemble d'\u00e9quipements - D\u00e9sinfectants Prevail","isPartOf":{"@id":"https:\/\/prevaildisinfectants.ca\/fr\/#website"},"primaryImageOfPage":{"@id":"https:\/\/prevaildisinfectants.ca\/fr\/offre-groupee-dequipements-prevail\/#primaryimage"},"image":{"@id":"https:\/\/prevaildisinfectants.ca\/fr\/offre-groupee-dequipements-prevail\/#primaryimage"},"thumbnailUrl":"https:\/\/prevaildisinfectants.ca\/wp-content\/uploads\/2024\/06\/LIMITED-TIME-PREVAIL-EQUIPMENT-BUNDLE-OFFER.png","datePublished":"2024-06-06T18:48:22+00:00","dateModified":"2025-12-09T20:58:34+00:00","description":"L'utilisation de Prevail\u2122 n'a jamais \u00e9t\u00e9 aussi simple. Assurez votre s\u00e9curit\u00e9 et votre protection, celles de votre personnel, de votre cabinet, de vos clients et de vos patients en facilitant la mise en \u0153uvre de la d\u00e9sinfection.","breadcrumb":{"@id":"https:\/\/prevaildisinfectants.ca\/fr\/offre-groupee-dequipements-prevail\/#breadcrumb"},"inLanguage":"fr-FR","potentialAction":[{"@type":"ReadAction","target":["https:\/\/prevaildisinfectants.ca\/fr\/offre-groupee-dequipements-prevail\/"]}]},{"@type":"ImageObject","inLanguage":"fr-FR","@id":"https:\/\/prevaildisinfectants.ca\/fr\/offre-groupee-dequipements-prevail\/#primaryimage","url":"https:\/\/prevaildisinfectants.ca\/wp-content\/uploads\/2024\/06\/LIMITED-TIME-PREVAIL-EQUIPMENT-BUNDLE-OFFER.png","contentUrl":"https:\/\/prevaildisinfectants.ca\/wp-content\/uploads\/2024\/06\/LIMITED-TIME-PREVAIL-EQUIPMENT-BUNDLE-OFFER.png","width":2560,"height":1842},{"@type":"BreadcrumbList","@id":"https:\/\/prevaildisinfectants.ca\/fr\/offre-groupee-dequipements-prevail\/#breadcrumb","itemListElement":[{"@type":"ListItem","position":1,"name":"Home","item":"https:\/\/prevaildisinfectants.ca\/fr\/accueil\/"},{"@type":"ListItem","position":2,"name":"Offre group\u00e9e d&#8217;\u00e9quipements Prevail"}]},{"@type":"WebSite","@id":"https:\/\/prevaildisinfectants.ca\/fr\/#website","url":"https:\/\/prevaildisinfectants.ca\/fr\/","name":"Prevail Disinfectants","description":"","potentialAction":[{"@type":"SearchAction","target":{"@type":"EntryPoint","urlTemplate":"https:\/\/prevaildisinfectants.ca\/fr\/?s={search_term_string}"},"query-input":{"@type":"PropertyValueSpecification","valueRequired":true,"valueName":"search_term_string"}}],"inLanguage":"fr-FR"}]}},"_links":{"self":[{"href":"https:\/\/prevaildisinfectants.ca\/fr\/wp-json\/wp\/v2\/pages\/2969","targetHints":{"allow":["GET"]}}],"collection":[{"href":"https:\/\/prevaildisinfectants.ca\/fr\/wp-json\/wp\/v2\/pages"}],"about":[{"href":"https:\/\/prevaildisinfectants.ca\/fr\/wp-json\/wp\/v2\/types\/page"}],"author":[{"embeddable":true,"href":"https:\/\/prevaildisinfectants.ca\/fr\/wp-json\/wp\/v2\/users\/4"}],"replies":[{"embeddable":true,"href":"https:\/\/prevaildisinfectants.ca\/fr\/wp-json\/wp\/v2\/comments?post=2969"}],"version-history":[{"count":1,"href":"https:\/\/prevaildisinfectants.ca\/fr\/wp-json\/wp\/v2\/pages\/2969\/revisions"}],"predecessor-version":[{"id":2970,"href":"https:\/\/prevaildisinfectants.ca\/fr\/wp-json\/wp\/v2\/pages\/2969\/revisions\/2970"}],"wp:featuredmedia":[{"embeddable":true,"href":"https:\/\/prevaildisinfectants.ca\/fr\/wp-json\/wp\/v2\/media\/2734"}],"wp:attachment":[{"href":"https:\/\/prevaildisinfectants.ca\/fr\/wp-json\/wp\/v2\/media?parent=2969"}],"curies":[{"name":"wp","href":"https:\/\/api.w.org\/{rel}","templated":true}]}}