{"id":2967,"date":"2023-01-20T11:10:57","date_gmt":"2023-01-20T16:10:57","guid":{"rendered":"https:\/\/prevaildisinfectants.ca\/a-propos-de-nous\/"},"modified":"2025-12-09T15:58:32","modified_gmt":"2025-12-09T20:58:32","slug":"a-propos-de-nous","status":"publish","type":"page","link":"https:\/\/prevaildisinfectants.ca\/fr\/a-propos-de-nous\/","title":{"rendered":"A propos de nous"},"content":{"rendered":"\n<h2 class=\"wp-block-heading\">\u00c0 propos des d\u00e9sinfectants <sup>Prevail\u2122<\/sup> <\/h2>\n\n<p>Les d\u00e9sinfectants pour animaux de compagnie Prevail\u2122, fabriqu\u00e9s par Virox Technologies \u00e0 Oakville, en Ontario, \u00e9tablissent la norme depuis plus de 25 ans avec des solutions de pr\u00e9vention des infections qui changent la donne et qui sont r\u00e9sistantes aux agents pathog\u00e8nes mortels tels que le calicivirus f\u00e9lin, la teigne et le parvovirus, tout en \u00e9tant s\u00fbres pour une utilisation autour des animaux et du personnel.<\/p>\n\n<p>Les d\u00e9sinfectants Prevail sont aliment\u00e9s par du Peroxyde d&rsquo;hydrog\u00e8ne <sup>acc\u00e9l\u00e9r\u00e9\u00ae<\/sup> et sont sp\u00e9cifiquement formul\u00e9s pour les \u00e9tablissements de sant\u00e9 animale. Nos produits homologu\u00e9s par Sant\u00e9 Canada sont efficaces contre un large \u00e9ventail d&rsquo;agents pathog\u00e8nes qui pr\u00e9occupent les \u00e9tablissements de soins pour animaux et sont valid\u00e9s et accept\u00e9s depuis des ann\u00e9es par la communaut\u00e9 scientifique de la sant\u00e9 animale. Sans \u00e9quivalent dans la lutte contre les agents pathog\u00e8nes mortels, notre gamme de d\u00e9sinfectants Prevail assure l&rsquo;efficacit\u00e9 de la d\u00e9sinfection et du nettoyage, la compatibilit\u00e9 des mat\u00e9riaux, la s\u00e9curit\u00e9 des hommes et des animaux et la durabilit\u00e9 environnementale. Prevail ne se contente pas de fournir les normes les plus \u00e9lev\u00e9es en mati\u00e8re de pr\u00e9vention des infections, nous proposons \u00e9galement des protocoles d&rsquo;utilisation afin d&rsquo;optimiser l&rsquo;efficacit\u00e9 dans votre \u00e9tablissement d&rsquo;\u00e9levage d&rsquo;animaux de compagnie. Prevail est le choix id\u00e9al pour les cliniques, les refuges et les pensions pour animaux.<\/p>\n\n<h2 class=\"wp-block-heading\">A propos du peroxyde d&rsquo;hydrog\u00e8ne acc\u00e9l\u00e9r\u00e9<strong><sup>\u00ae<\/sup><\/strong><\/h2>\n\n<p>Peroxyde d&rsquo;hydrog\u00e8ne acc\u00e9l\u00e9r\u00e9<strong><sup>\u00ae<\/sup><\/strong> a \u00e9t\u00e9 con\u00e7u par Virox Technologies Inc. comme une plateforme technologique de d\u00e9sinfection qui change la donne et sur laquelle on s&rsquo;appuie depuis plus de vingt ans. En utilisant de faibles niveaux de peroxyde d&rsquo;hydrog\u00e8ne, ainsi qu&rsquo;un m\u00e9lange synergique d&rsquo;ingr\u00e9dients s\u00fbrs couramment utilis\u00e9s, le peroxyde d&rsquo;hydrog\u00e8ne acc\u00e9l\u00e9r\u00e9 a une puissance exceptionnelle en tant que germicide et une performance en tant que nettoyant, sans sacrifier la s\u00e9curit\u00e9 ou la durabilit\u00e9. Les formules AHP de Virox sont fabriqu\u00e9es uniquement \u00e0 partir d&rsquo;ingr\u00e9dients consid\u00e9r\u00e9s comme \u00e9cologiques et durables par Sant\u00e9 Canada, l&rsquo;EPA et la loi GRAS (Generally Regarded as Safe) de la FDA, et l&rsquo;ingr\u00e9dient actif est biod\u00e9gradable, c&rsquo;est-\u00e0-dire qu&rsquo;il se d\u00e9compose en eau et en oxyg\u00e8ne. Offrant un \u00e9quilibre id\u00e9al entre s\u00e9curit\u00e9 et efficacit\u00e9, les produits \u00e0 base de peroxyde d&rsquo;hydrog\u00e8ne acc\u00e9l\u00e9r\u00e9 d\u00e9sinfectent un large \u00e9ventail de pathog\u00e8nes tout en respectant les utilisateurs, les mat\u00e9riaux et l&rsquo;environnement.<\/p>\n\n<h2 class=\"wp-block-heading\">\u00c0 propos de Virox Technologies Inc.<\/h2>\n\n<iframe width=\"560\" height=\"315\" src=\"https:\/\/www.youtube.com\/embed\/oTdE_eXT5u8?si=MjdmfIqZTLBbGNVn\" title=\"Lecteur vid\u00e9o YouTube\" frameborder=\"0\" allow=\"accelerometer; autoplay; clipboard-write; encrypted-media; gyroscope; picture-in-picture; web-share\" allowfullscreen=\"\"><\/iframe>\n\n<p>Virox Technologies Inc. est un innovateur dans le domaine du g\u00e9nie chimique et des d\u00e9sinfectants qui a \u00e9tabli une nouvelle norme en mati\u00e8re de d\u00e9sinfection en 1998 avec la technologie brevet\u00e9e du <sup>Peroxyde<\/sup> d&rsquo;hydrog\u00e8ne acc\u00e9l\u00e9r\u00e9\u00ae (<sup>AHP\u00ae<\/sup>). Depuis lors, nous avons continu\u00e9 \u00e0 innover et \u00e0 fournir les d\u00e9sinfectants les plus s\u00fbrs, les plus efficaces et les plus respectueux de l&rsquo;environnement au monde, ainsi qu&rsquo;\u00e0 am\u00e9liorer la compr\u00e9hension de la d\u00e9sinfection et de la pr\u00e9vention des infections. Nos technologies et produits de confiance sont utilis\u00e9s dans plus de 70 pays dans les secteurs de la sant\u00e9 humaine et animale, \u00e9liminant les pathog\u00e8nes dangereux et offrant une alternative plus s\u00fbre et plus \u00e9cologique pour les personnes, les animaux et la plan\u00e8te.<\/p>\n\n<div class=\"wp-block-buttons is-layout-flex wp-block-buttons-is-layout-flex\">\n<div class=\"wp-block-button\"><a class=\"wp-block-button__link wp-element-button\" href=\"https:\/\/virox.com\/\" target=\"_blank\" rel=\"noreferrer noopener\">En savoir plus<\/a><\/div>\n<\/div>\n\n<h2 class=\"wp-block-heading\">Nos partenaires<\/h2>\n\n<div class=\"wp-block-columns is-layout-flex wp-container-core-columns-is-layout-9d6595d7 wp-block-columns-is-layout-flex\">\n<div class=\"wp-block-column is-layout-flow wp-block-column-is-layout-flow\" style=\"flex-basis:25%\">\n<figure class=\"wp-block-image aligncenter size-full is-resized\"><img decoding=\"async\" width=\"300\" height=\"267\" src=\"https:\/\/prevaildisinfectants.ca\/wp-content\/uploads\/2023\/02\/FF-Corporate-Logo-Medium-300x267-1.png\" alt=\"\" class=\"wp-image-1400\" style=\"width:91px;height:80px\"\/><\/figure>\n<\/div>\n\n\n\n<div class=\"wp-block-column is-layout-flow wp-block-column-is-layout-flow\" style=\"flex-basis:66.66%\">\n<p>Virox Technologies est fi\u00e8re de s&rsquo;associer au programme Fear Free pour aider \u00e0 minimiser le stress et les effets n\u00e9gatifs des visites chez le v\u00e9t\u00e9rinaire et dans les refuges.<\/p>\n<\/div>\n<\/div>\n\n<div class=\"wp-block-columns is-layout-flex wp-container-core-columns-is-layout-9d6595d7 wp-block-columns-is-layout-flex\">\n<div class=\"wp-block-column is-layout-flow wp-block-column-is-layout-flow\" style=\"flex-basis:25%\">\n<figure class=\"wp-block-image aligncenter size-full is-resized\"><img decoding=\"async\" width=\"553\" height=\"200\" src=\"https:\/\/prevaildisinfectants.ca\/wp-content\/uploads\/2023\/02\/RVTTC-HeaderLogo_Retina-small3.png\" alt=\"\" class=\"wp-image-1404\" style=\"width:99px;height:35px\" srcset=\"https:\/\/prevaildisinfectants.ca\/wp-content\/uploads\/2023\/02\/RVTTC-HeaderLogo_Retina-small3.png 553w, https:\/\/prevaildisinfectants.ca\/wp-content\/uploads\/2023\/02\/RVTTC-HeaderLogo_Retina-small3-300x108.png 300w, https:\/\/prevaildisinfectants.ca\/wp-content\/uploads\/2023\/02\/RVTTC-HeaderLogo_Retina-small3-400x145.png 400w\" sizes=\"(max-width: 553px) 100vw, 553px\" \/><\/figure>\n<\/div>\n\n\n\n<div class=\"wp-block-column is-layout-flow wp-block-column-is-layout-flow\" style=\"flex-basis:66.66%\">\n<p>Virox Technologies est fi\u00e8re de soutenir le RVTTC. L&rsquo;Association des technologues et techniciens v\u00e9t\u00e9rinaires agr\u00e9\u00e9s du Canada est une organisation \u00e0 but non lucratif qui repr\u00e9sente 9 000 techniciens v\u00e9t\u00e9rinaires agr\u00e9\u00e9s \u00e0 travers le Canada.<\/p>\n<\/div>\n<\/div>\n\n<div class=\"wp-block-columns is-layout-flex wp-container-core-columns-is-layout-9d6595d7 wp-block-columns-is-layout-flex\">\n<div class=\"wp-block-column is-layout-flow wp-block-column-is-layout-flow\" style=\"flex-basis:25%\">\n<figure class=\"wp-block-image aligncenter size-medium is-resized\"><img decoding=\"async\" width=\"120\" height=\"98\" src=\"https:\/\/prevaildisinfectants.ca\/wp-content\/uploads\/2022\/12\/aaha.svg\" alt=\"\" class=\"wp-image-297\" style=\"width:80px;height:65px\"\/><\/figure>\n<\/div>\n\n\n\n<div class=\"wp-block-column is-layout-flow wp-block-column-is-layout-flow\" style=\"flex-basis:66.66%\">\n<p>Virox Technologies est fi\u00e8re de soutenir l&rsquo;AAHA. L&rsquo;American Animal Hospital Association est une organisation \u00e0 but non lucratif qui regroupe les h\u00f4pitaux v\u00e9t\u00e9rinaires pour animaux de compagnie.<\/p>\n<\/div>\n<\/div>\n\n<div class=\"wp-block-columns is-layout-flex wp-container-core-columns-is-layout-9d6595d7 wp-block-columns-is-layout-flex\">\n<div class=\"wp-block-column is-layout-flow wp-block-column-is-layout-flow\" style=\"flex-basis:25%\">\n<figure class=\"wp-block-image aligncenter size-large is-resized\"><img decoding=\"async\" width=\"240\" height=\"83\" src=\"https:\/\/prevaildisinfectants.ca\/wp-content\/uploads\/2022\/12\/cvma.svg\" alt=\"\" class=\"wp-image-298\" style=\"width:148px;height:51px\"\/><\/figure>\n<\/div>\n\n\n\n<div class=\"wp-block-column is-layout-flow wp-block-column-is-layout-flow\" style=\"flex-basis:66.66%\">\n<p>Virox Technologies est fi\u00e8re de soutenir l&rsquo;ACCV. L&rsquo;Association canadienne des m\u00e9decins v\u00e9t\u00e9rinaires joue un r\u00f4le de premier plan dans les questions v\u00e9t\u00e9rinaires nationales, d\u00e9fend le bien-\u00eatre des animaux et s&rsquo;efforce d&rsquo;encourager l&rsquo;\u00e9quilibre de la vie des professionnels v\u00e9t\u00e9rinaires.<\/p>\n<\/div>\n<\/div>\n","protected":false},"excerpt":{"rendered":"<p>\u00c0 propos des d\u00e9sinfectants Prevail\u2122 Les d\u00e9sinfectants pour animaux de compagnie Prevail\u2122, fabriqu\u00e9s par Virox Technologies \u00e0 Oakville, en Ontario, \u00e9tablissent la norme depuis plus de 25 ans avec des solutions de pr\u00e9vention des infections qui changent la donne et qui sont r\u00e9sistantes aux agents pathog\u00e8nes mortels tels que le calicivirus f\u00e9lin, la teigne et &hellip; <a href=\"https:\/\/prevaildisinfectants.ca\/fr\/a-propos-de-nous\/\">Continued<\/a><\/p>\n","protected":false},"author":1,"featured_media":0,"parent":0,"menu_order":0,"comment_status":"closed","ping_status":"closed","template":"template-plain.blade.php","meta":{"_acf_changed":false,"inline_featured_image":false,"footnotes":""},"class_list":["post-2967","page","type-page","status-publish","hentry"],"acf":[],"yoast_head":"<!-- This site is optimized with the Yoast SEO plugin v24.8.1 - https:\/\/yoast.com\/wordpress\/plugins\/seo\/ -->\n<title>A propos de nous - Prevail Disinfectants<\/title>\n<meta name=\"description\" content=\"Les d\u00e9sinfectants Prevail sont aliment\u00e9s par du Peroxyde d&#039;hydrog\u00e8ne acc\u00e9l\u00e9r\u00e9\u00ae et sont sp\u00e9cifiquement formul\u00e9s pour les \u00e9tablissements de sant\u00e9 animale. Nos produits homologu\u00e9s par Sant\u00e9 Canada sont efficaces contre un large \u00e9ventail d&#039;agents pathog\u00e8nes qui pr\u00e9occupent les \u00e9tablissements de soins pour animaux et sont valid\u00e9s et accept\u00e9s depuis des ann\u00e9es par la communaut\u00e9 scientifique de la sant\u00e9 animale.\" \/>\n<meta name=\"robots\" content=\"index, follow, max-snippet:-1, max-image-preview:large, max-video-preview:-1\" \/>\n<link rel=\"canonical\" href=\"https:\/\/prevaildisinfectants.ca\/fr\/a-propos-de-nous\/\" \/>\n<meta property=\"og:locale\" content=\"fr_FR\" \/>\n<meta property=\"og:type\" content=\"article\" \/>\n<meta property=\"og:title\" content=\"A propos de nous - Prevail Disinfectants\" \/>\n<meta property=\"og:description\" content=\"Les d\u00e9sinfectants Prevail sont aliment\u00e9s par du Peroxyde d&#039;hydrog\u00e8ne acc\u00e9l\u00e9r\u00e9\u00ae et sont sp\u00e9cifiquement formul\u00e9s pour les \u00e9tablissements de sant\u00e9 animale. Nos produits homologu\u00e9s par Sant\u00e9 Canada sont efficaces contre un large \u00e9ventail d&#039;agents pathog\u00e8nes qui pr\u00e9occupent les \u00e9tablissements de soins pour animaux et sont valid\u00e9s et accept\u00e9s depuis des ann\u00e9es par la communaut\u00e9 scientifique de la sant\u00e9 animale.\" \/>\n<meta property=\"og:url\" content=\"https:\/\/prevaildisinfectants.ca\/fr\/a-propos-de-nous\/\" \/>\n<meta property=\"og:site_name\" content=\"Prevail Disinfectants\" \/>\n<meta property=\"article:modified_time\" content=\"2025-12-09T20:58:32+00:00\" \/>\n<meta property=\"og:image\" content=\"https:\/\/prevaildisinfectants.ca\/wp-content\/uploads\/2023\/02\/FF-Corporate-Logo-Medium-300x267-1.png\" \/>\n\t<meta property=\"og:image:width\" content=\"300\" \/>\n\t<meta property=\"og:image:height\" content=\"267\" \/>\n\t<meta property=\"og:image:type\" content=\"image\/png\" \/>\n<meta name=\"twitter:card\" content=\"summary_large_image\" \/>\n<meta name=\"twitter:label1\" content=\"Dur\u00e9e de lecture estim\u00e9e\" \/>\n\t<meta name=\"twitter:data1\" content=\"4 minutes\" \/>\n<script type=\"application\/ld+json\" class=\"yoast-schema-graph\">{\"@context\":\"https:\/\/schema.org\",\"@graph\":[{\"@type\":\"WebPage\",\"@id\":\"https:\/\/prevaildisinfectants.ca\/fr\/a-propos-de-nous\/\",\"url\":\"https:\/\/prevaildisinfectants.ca\/fr\/a-propos-de-nous\/\",\"name\":\"A propos de nous - Prevail Disinfectants\",\"isPartOf\":{\"@id\":\"https:\/\/prevaildisinfectants.ca\/fr\/#website\"},\"primaryImageOfPage\":{\"@id\":\"https:\/\/prevaildisinfectants.ca\/fr\/a-propos-de-nous\/#primaryimage\"},\"image\":{\"@id\":\"https:\/\/prevaildisinfectants.ca\/fr\/a-propos-de-nous\/#primaryimage\"},\"thumbnailUrl\":\"https:\/\/prevaildisinfectants.ca\/wp-content\/uploads\/2023\/02\/FF-Corporate-Logo-Medium-300x267-1.png\",\"datePublished\":\"2023-01-20T16:10:57+00:00\",\"dateModified\":\"2025-12-09T20:58:32+00:00\",\"description\":\"Les d\u00e9sinfectants Prevail sont aliment\u00e9s par du Peroxyde d'hydrog\u00e8ne acc\u00e9l\u00e9r\u00e9\u00ae et sont sp\u00e9cifiquement formul\u00e9s pour les \u00e9tablissements de sant\u00e9 animale. Nos produits homologu\u00e9s par Sant\u00e9 Canada sont efficaces contre un large \u00e9ventail d'agents pathog\u00e8nes qui pr\u00e9occupent les \u00e9tablissements de soins pour animaux et sont valid\u00e9s et accept\u00e9s depuis des ann\u00e9es par la communaut\u00e9 scientifique de la sant\u00e9 animale.\",\"breadcrumb\":{\"@id\":\"https:\/\/prevaildisinfectants.ca\/fr\/a-propos-de-nous\/#breadcrumb\"},\"inLanguage\":\"fr-FR\",\"potentialAction\":[{\"@type\":\"ReadAction\",\"target\":[\"https:\/\/prevaildisinfectants.ca\/fr\/a-propos-de-nous\/\"]}]},{\"@type\":\"ImageObject\",\"inLanguage\":\"fr-FR\",\"@id\":\"https:\/\/prevaildisinfectants.ca\/fr\/a-propos-de-nous\/#primaryimage\",\"url\":\"https:\/\/prevaildisinfectants.ca\/wp-content\/uploads\/2023\/02\/FF-Corporate-Logo-Medium-300x267-1.png\",\"contentUrl\":\"https:\/\/prevaildisinfectants.ca\/wp-content\/uploads\/2023\/02\/FF-Corporate-Logo-Medium-300x267-1.png\"},{\"@type\":\"BreadcrumbList\",\"@id\":\"https:\/\/prevaildisinfectants.ca\/fr\/a-propos-de-nous\/#breadcrumb\",\"itemListElement\":[{\"@type\":\"ListItem\",\"position\":1,\"name\":\"Home\",\"item\":\"https:\/\/prevaildisinfectants.ca\/fr\/accueil\/\"},{\"@type\":\"ListItem\",\"position\":2,\"name\":\"A propos de nous\"}]},{\"@type\":\"WebSite\",\"@id\":\"https:\/\/prevaildisinfectants.ca\/fr\/#website\",\"url\":\"https:\/\/prevaildisinfectants.ca\/fr\/\",\"name\":\"Prevail Disinfectants\",\"description\":\"\",\"potentialAction\":[{\"@type\":\"SearchAction\",\"target\":{\"@type\":\"EntryPoint\",\"urlTemplate\":\"https:\/\/prevaildisinfectants.ca\/fr\/?s={search_term_string}\"},\"query-input\":{\"@type\":\"PropertyValueSpecification\",\"valueRequired\":true,\"valueName\":\"search_term_string\"}}],\"inLanguage\":\"fr-FR\"}]}<\/script>\n<!-- \/ Yoast SEO plugin. -->","yoast_head_json":{"title":"A propos de nous - Prevail Disinfectants","description":"Les d\u00e9sinfectants Prevail sont aliment\u00e9s par du Peroxyde d'hydrog\u00e8ne acc\u00e9l\u00e9r\u00e9\u00ae et sont sp\u00e9cifiquement formul\u00e9s pour les \u00e9tablissements de sant\u00e9 animale. Nos produits homologu\u00e9s par Sant\u00e9 Canada sont efficaces contre un large \u00e9ventail d'agents pathog\u00e8nes qui pr\u00e9occupent les \u00e9tablissements de soins pour animaux et sont valid\u00e9s et accept\u00e9s depuis des ann\u00e9es par la communaut\u00e9 scientifique de la sant\u00e9 animale.","robots":{"index":"index","follow":"follow","max-snippet":"max-snippet:-1","max-image-preview":"max-image-preview:large","max-video-preview":"max-video-preview:-1"},"canonical":"https:\/\/prevaildisinfectants.ca\/fr\/a-propos-de-nous\/","og_locale":"fr_FR","og_type":"article","og_title":"A propos de nous - Prevail Disinfectants","og_description":"Les d\u00e9sinfectants Prevail sont aliment\u00e9s par du Peroxyde d'hydrog\u00e8ne acc\u00e9l\u00e9r\u00e9\u00ae et sont sp\u00e9cifiquement formul\u00e9s pour les \u00e9tablissements de sant\u00e9 animale. Nos produits homologu\u00e9s par Sant\u00e9 Canada sont efficaces contre un large \u00e9ventail d'agents pathog\u00e8nes qui pr\u00e9occupent les \u00e9tablissements de soins pour animaux et sont valid\u00e9s et accept\u00e9s depuis des ann\u00e9es par la communaut\u00e9 scientifique de la sant\u00e9 animale.","og_url":"https:\/\/prevaildisinfectants.ca\/fr\/a-propos-de-nous\/","og_site_name":"Prevail Disinfectants","article_modified_time":"2025-12-09T20:58:32+00:00","og_image":[{"width":300,"height":267,"url":"https:\/\/prevaildisinfectants.ca\/wp-content\/uploads\/2023\/02\/FF-Corporate-Logo-Medium-300x267-1.png","type":"image\/png"}],"twitter_card":"summary_large_image","twitter_misc":{"Dur\u00e9e de lecture estim\u00e9e":"4 minutes"},"schema":{"@context":"https:\/\/schema.org","@graph":[{"@type":"WebPage","@id":"https:\/\/prevaildisinfectants.ca\/fr\/a-propos-de-nous\/","url":"https:\/\/prevaildisinfectants.ca\/fr\/a-propos-de-nous\/","name":"A propos de nous - Prevail Disinfectants","isPartOf":{"@id":"https:\/\/prevaildisinfectants.ca\/fr\/#website"},"primaryImageOfPage":{"@id":"https:\/\/prevaildisinfectants.ca\/fr\/a-propos-de-nous\/#primaryimage"},"image":{"@id":"https:\/\/prevaildisinfectants.ca\/fr\/a-propos-de-nous\/#primaryimage"},"thumbnailUrl":"https:\/\/prevaildisinfectants.ca\/wp-content\/uploads\/2023\/02\/FF-Corporate-Logo-Medium-300x267-1.png","datePublished":"2023-01-20T16:10:57+00:00","dateModified":"2025-12-09T20:58:32+00:00","description":"Les d\u00e9sinfectants Prevail sont aliment\u00e9s par du Peroxyde d'hydrog\u00e8ne acc\u00e9l\u00e9r\u00e9\u00ae et sont sp\u00e9cifiquement formul\u00e9s pour les \u00e9tablissements de sant\u00e9 animale. Nos produits homologu\u00e9s par Sant\u00e9 Canada sont efficaces contre un large \u00e9ventail d'agents pathog\u00e8nes qui pr\u00e9occupent les \u00e9tablissements de soins pour animaux et sont valid\u00e9s et accept\u00e9s depuis des ann\u00e9es par la communaut\u00e9 scientifique de la sant\u00e9 animale.","breadcrumb":{"@id":"https:\/\/prevaildisinfectants.ca\/fr\/a-propos-de-nous\/#breadcrumb"},"inLanguage":"fr-FR","potentialAction":[{"@type":"ReadAction","target":["https:\/\/prevaildisinfectants.ca\/fr\/a-propos-de-nous\/"]}]},{"@type":"ImageObject","inLanguage":"fr-FR","@id":"https:\/\/prevaildisinfectants.ca\/fr\/a-propos-de-nous\/#primaryimage","url":"https:\/\/prevaildisinfectants.ca\/wp-content\/uploads\/2023\/02\/FF-Corporate-Logo-Medium-300x267-1.png","contentUrl":"https:\/\/prevaildisinfectants.ca\/wp-content\/uploads\/2023\/02\/FF-Corporate-Logo-Medium-300x267-1.png"},{"@type":"BreadcrumbList","@id":"https:\/\/prevaildisinfectants.ca\/fr\/a-propos-de-nous\/#breadcrumb","itemListElement":[{"@type":"ListItem","position":1,"name":"Home","item":"https:\/\/prevaildisinfectants.ca\/fr\/accueil\/"},{"@type":"ListItem","position":2,"name":"A propos de nous"}]},{"@type":"WebSite","@id":"https:\/\/prevaildisinfectants.ca\/fr\/#website","url":"https:\/\/prevaildisinfectants.ca\/fr\/","name":"Prevail Disinfectants","description":"","potentialAction":[{"@type":"SearchAction","target":{"@type":"EntryPoint","urlTemplate":"https:\/\/prevaildisinfectants.ca\/fr\/?s={search_term_string}"},"query-input":{"@type":"PropertyValueSpecification","valueRequired":true,"valueName":"search_term_string"}}],"inLanguage":"fr-FR"}]}},"_links":{"self":[{"href":"https:\/\/prevaildisinfectants.ca\/fr\/wp-json\/wp\/v2\/pages\/2967","targetHints":{"allow":["GET"]}}],"collection":[{"href":"https:\/\/prevaildisinfectants.ca\/fr\/wp-json\/wp\/v2\/pages"}],"about":[{"href":"https:\/\/prevaildisinfectants.ca\/fr\/wp-json\/wp\/v2\/types\/page"}],"author":[{"embeddable":true,"href":"https:\/\/prevaildisinfectants.ca\/fr\/wp-json\/wp\/v2\/users\/1"}],"replies":[{"embeddable":true,"href":"https:\/\/prevaildisinfectants.ca\/fr\/wp-json\/wp\/v2\/comments?post=2967"}],"version-history":[{"count":1,"href":"https:\/\/prevaildisinfectants.ca\/fr\/wp-json\/wp\/v2\/pages\/2967\/revisions"}],"predecessor-version":[{"id":2968,"href":"https:\/\/prevaildisinfectants.ca\/fr\/wp-json\/wp\/v2\/pages\/2967\/revisions\/2968"}],"wp:attachment":[{"href":"https:\/\/prevaildisinfectants.ca\/fr\/wp-json\/wp\/v2\/media?parent=2967"}],"curies":[{"name":"wp","href":"https:\/\/api.w.org\/{rel}","templated":true}]}}