{"id":2961,"date":"2022-12-22T20:12:55","date_gmt":"2022-12-23T01:12:55","guid":{"rendered":"https:\/\/prevaildisinfectants.ca\/pourquoi-vaincre\/"},"modified":"2025-12-09T15:58:35","modified_gmt":"2025-12-09T20:58:35","slug":"pourquoi-vaincre","status":"publish","type":"page","link":"https:\/\/prevaildisinfectants.ca\/fr\/pourquoi-vaincre\/","title":{"rendered":"Pourquoi vaincre ?"},"content":{"rendered":"<div class=\"section pb-8 md:pb-0\" id=\"content-section-3-c73\"  data-white-logo=\"false\" data-hamburger=\"blanc\">\n  <div class=\"content-section-3  relative \">\n    <div class=\"container container--xl\">\n      <div class=\"flex flex-wrap flex-row align-stretch -mx-4 lg:-mx-8 min-h-screen flex-row-reverse\">\n                  <div class=\"w-full md:w-3\/5 md:px-4 lg:px-8 flex relative mb-6 md:mb-0 justify-start\">\n            <div class=\"bg-img lozad bg-cover bg-center bg-no-repeat md:h-full md:inset-y-0 md:absolute left-0 md:ml-8\" data-background-image=\"https:\/\/prevaildisinfectants.ca\/wp-content\/uploads\/2023\/01\/our-difference-Scroll-1-crop-1400x874.jpg\"><\/div>\n          <\/div>\n                <div class=\"w-full md:w-2\/5 px-4 lg:px-8 flex flex-col justify-center\">\n          <div class=\"content-group max-w-3xl text-xl xl:text-2xl pb-20 md:py-28 \">\n            <h2>Performances sup\u00e9rieures en mati\u00e8re d&rsquo;abattage<\/h2>\n<p>Des solutions in\u00e9gal\u00e9es dans la lutte contre un large spectre de pathog\u00e8nes tels que le calicivirus f\u00e9lin, la teigne et le parvovirus.<\/p>\n\n\n            \n                          <div class=\"flex flex-wrap -mx-1 mt-10 buttons-wrap\">\n                                  \n                                      <div class=\"p-1\">\n                      <a href=\"https:\/\/prevaildisinfectants.ca\/our-products\/\"   class=\" btn btn--primaire\">En savoir plus  <\/a>\n                    <\/div>\n                                                <\/div>\n            \n                      <\/div>\n        <\/div>\n      <\/div>\n    <\/div>\n\n          <a href=\"#\" class=\"scroll-arrow scroll-arrow--blanc\">\n        <?xml version=\"1.0\" encoding=\"UTF-8\"?>\n<svg width=\"26\" height=\"42\" fill=\"#0079c0\" xmlns=\"http:\/\/www.w3.org\/2000\/svg\" viewBox=\"0 0 26.5 43.25\"><path class=\"cls-1\" d=\"M0,20.85l3.3-3.4,7.6,7.65V0h4.7V25.1l7.6-7.55,3.3,3.3-13.25,13.25L0,20.85Zm.4,17.7H26.1v4.7H.4v-4.7Z\"\/><\/svg>\n\n      <\/a>\n      <\/div>\n<\/div>\n<div class=\"section pb-8 md:pb-0\" id=\"content-section-3-7eb\"  data-white-logo=\"true\" data-hamburger=\"primaire\">\n  <div class=\"content-section-3  relative \">\n    <div class=\"container container--xl\">\n      <div class=\"flex flex-wrap flex-row align-stretch -mx-4 lg:-mx-8 min-h-screen \">\n                  <div class=\"w-full md:w-3\/5 md:px-4 lg:px-8 flex relative mb-6 md:mb-0 justify-end\">\n            <div class=\"bg-img lozad bg-cover bg-center bg-no-repeat md:h-full md:inset-y-0 md:absolute right-0 md:mr-8\" data-background-image=\"https:\/\/prevaildisinfectants.ca\/wp-content\/uploads\/2023\/01\/Scroll-2-2_retouch_FearFree.png\"><\/div>\n          <\/div>\n                <div class=\"w-full md:w-2\/5 px-4 lg:px-8 flex flex-col justify-center\">\n          <div class=\"content-group max-w-3xl text-xl xl:text-2xl pb-20 md:py-28 \">\n            <h2>Sans danger pour les animaux, les clients et le personnel<\/h2>\n<p>Les d\u00e9sinfectants Prevail sont doux et sans parfum.<\/p>\n<ul>\n<li>Sans danger pour les animaux et le personnel<\/li>\n<li>Contrairement \u00e0 l&rsquo;eau de Javel, Prevail ne contient pas de produits chimiques agressifs.<\/li>\n<li>Non irritant pour les yeux et la peau en cours d&rsquo;utilisation<\/li>\n<li>Le seul<span style=\"color: #0079c1;\"> <a style=\"color: #0079c1;\" href=\"https:\/\/fearfreepets.com\/about\/what-is-fear-free\/\" target=\"_blank\" rel=\"noopener\">Fear Free\u00ae<\/a><\/span> reconnu comme d\u00e9sinfectant<\/li>\n<\/ul>\n<div class=\"inline-block w-full\" data-testid=\"excerpt-content\">\n<div class=\"w-full break-anywhere cursor-text\">\n<div class=\"StyledText\" dir=\"auto\" lang=\"\">\n<div class=\"\" data-testid=\"markdown-text\"><\/div>\n<\/div>\n<\/div>\n<\/div>\n\n\n            \n            \n                          <div class=\"flex flex-wrap -mx-1 mt-10 buttons-wrap\">\n                                  \n                                      <div class=\"p-1\">\n                      <div class=\"dropdown-group\">\n                        <span class=\"btn btn--transparent btn--arrow\">Voir les fiches de donn\u00e9es de s\u00e9curit\u00e9 (FDS)<\/span>\n\n                        <ul class=\"dropdown-list\">\n                                                                                                                <li>\n                                <a href=\"https:\/\/prevaildisinfectants.ca\/wp-content\/uploads\/2023\/01\/Safety-Data-Sheet_Wipes-EN.pdf\" target=\"_blank\"  class=\" \">Fiche de donn\u00e9es de s\u00e9curit\u00e9 &#8211; Lingettes (anglais)<\/a>\n                              <\/li>\n                                                                                                                                            <li>\n                                <a href=\"https:\/\/prevaildisinfectants.ca\/safety-data-sheet-wipes-french\/\" target=\"_blank\"  class=\" \">Fiche de donn\u00e9es de s\u00e9curit\u00e9 &#8211; Lingettes (fran\u00e7ais)<\/a>\n                              <\/li>\n                                                                                                                                            <li>\n                                <a href=\"https:\/\/prevaildisinfectants.ca\/wp-content\/uploads\/2023\/01\/Safety-Data-Sheet_RTU-EN.pdf\" target=\"_blank\"  class=\" \">Fiche de donn\u00e9es de s\u00e9curit\u00e9 &#8211; Pr\u00eat \u00e0 l&#8217;emploi\/RTU (anglais)<\/a>\n                              <\/li>\n                                                                                                                                            <li>\n                                <a href=\"https:\/\/prevaildisinfectants.ca\/safety-data-sheet-rtu-french\/\" target=\"_blank\"  class=\" \">Fiche de donn\u00e9es de s\u00e9curit\u00e9 &#8211; Pr\u00eat \u00e0 l&#8217;emploi\/RTU (fran\u00e7ais)<\/a>\n                              <\/li>\n                                                                                                                                            <li>\n                                <a href=\"https:\/\/prevaildisinfectants.ca\/wp-content\/uploads\/2023\/01\/Safety-Data-Sheet_Concentrate-EN.pdf\" target=\"_blank\"  class=\" \">Fiche de donn\u00e9es de s\u00e9curit\u00e9 &#8211; Concentr\u00e9 (anglais)<\/a>\n                              <\/li>\n                                                                                                                                            <li>\n                                <a href=\"https:\/\/prevaildisinfectants.ca\/safety-data-sheet-concentrate-french\/\" target=\"_blank\"  class=\" \">Fiche de donn\u00e9es de s\u00e9curit\u00e9 &#8211; Concentr\u00e9<\/a>\n                              <\/li>\n                                                                              <\/ul>\n                      <\/div>\n                    <\/div>\n                                                <\/div>\n                      <\/div>\n        <\/div>\n      <\/div>\n    <\/div>\n\n          <a href=\"#\" class=\"scroll-arrow scroll-arrow--blanc\">\n        <?xml version=\"1.0\" encoding=\"UTF-8\"?>\n<svg width=\"26\" height=\"42\" fill=\"#0079c0\" xmlns=\"http:\/\/www.w3.org\/2000\/svg\" viewBox=\"0 0 26.5 43.25\"><path class=\"cls-1\" d=\"M0,20.85l3.3-3.4,7.6,7.65V0h4.7V25.1l7.6-7.55,3.3,3.3-13.25,13.25L0,20.85Zm.4,17.7H26.1v4.7H.4v-4.7Z\"\/><\/svg>\n\n      <\/a>\n      <\/div>\n<\/div>\n<div class=\"section pb-8 md:pb-0\" id=\"content-section-3-19a\"  data-white-logo=\"false\" data-hamburger=\"blanc\">\n  <div class=\"content-section-3  relative \">\n    <div class=\"container container--xl\">\n      <div class=\"flex flex-wrap flex-row align-stretch -mx-4 lg:-mx-8 min-h-screen flex-row-reverse\">\n                  <div class=\"w-full md:w-3\/5 md:px-4 lg:px-8 flex relative mb-6 md:mb-0 justify-start\">\n            <div class=\"bg-img lozad bg-cover bg-center bg-no-repeat md:h-full md:inset-y-0 md:absolute left-0 md:ml-8\" data-background-image=\"https:\/\/prevaildisinfectants.ca\/wp-content\/uploads\/2023\/01\/Scroll-1_retouch.png\"><\/div>\n          <\/div>\n                <div class=\"w-full md:w-2\/5 px-4 lg:px-8 flex flex-col justify-center\">\n          <div class=\"content-group max-w-3xl text-xl xl:text-2xl pb-20 md:py-28 \">\n            <h2>Tue rapidement les agents pathog\u00e8nes<\/h2>\n<p>Prevail propose une gamme de produits con\u00e7us pour agir rapidement, avec une d\u00e9sinfection et un nettoyage en une seule \u00e9tape.<\/p>\n<ul>\n<li>D\u00e9truit de mani\u00e8re fiable les agents pathog\u00e8nes pr\u00e9occupants en seulement 1 minute<\/li>\n<li>Au moins deux fois plus rapide que les produits couramment utilis\u00e9s<\/li>\n<li>Nettoie et d\u00e9sinfecte, sans qu&rsquo;il soit n\u00e9cessaire d&rsquo;utiliser plusieurs produits.<\/li>\n<li>Passez moins de temps \u00e0 d\u00e9sinfecter et plus de temps avec les animaux dont vous vous occupez.<\/li>\n<\/ul>\n\n\n            \n                          <div class=\"flex flex-wrap -mx-1 mt-10 buttons-wrap\">\n                                  \n                                      <div class=\"p-1\">\n                      <a href=\"https:\/\/prevaildisinfectants.ca\/how-we-compare\/\"   class=\" btn btn--primaire\">Comparez Prevail<\/a>\n                    <\/div>\n                                                <\/div>\n            \n                      <\/div>\n        <\/div>\n      <\/div>\n    <\/div>\n\n          <a href=\"#\" class=\"scroll-arrow scroll-arrow--blanc\">\n        <?xml version=\"1.0\" encoding=\"UTF-8\"?>\n<svg width=\"26\" height=\"42\" fill=\"#0079c0\" xmlns=\"http:\/\/www.w3.org\/2000\/svg\" viewBox=\"0 0 26.5 43.25\"><path class=\"cls-1\" d=\"M0,20.85l3.3-3.4,7.6,7.65V0h4.7V25.1l7.6-7.55,3.3,3.3-13.25,13.25L0,20.85Zm.4,17.7H26.1v4.7H.4v-4.7Z\"\/><\/svg>\n\n      <\/a>\n      <\/div>\n<\/div>\n<div class=\"section pb-8 md:pb-0\" id=\"content-section-3-d2a\"  data-white-logo=\"true\" data-hamburger=\"primaire\">\n  <div class=\"content-section-3  relative \">\n    <div class=\"container container--xl\">\n      <div class=\"flex flex-wrap flex-row align-stretch -mx-4 lg:-mx-8 min-h-screen \">\n                  <div class=\"w-full md:w-3\/5 md:px-4 lg:px-8 flex relative mb-6 md:mb-0 justify-end\">\n            <div class=\"bg-img lozad bg-cover bg-center bg-no-repeat md:h-full md:inset-y-0 md:absolute right-0 md:mr-8\" data-background-image=\"https:\/\/prevaildisinfectants.ca\/wp-content\/uploads\/2023\/01\/our-difference-Scroll-3-crop.jpg\"><\/div>\n          <\/div>\n                <div class=\"w-full md:w-2\/5 px-4 lg:px-8 flex flex-col justify-center\">\n          <div class=\"content-group max-w-3xl text-xl xl:text-2xl pb-20 md:py-28 \">\n            <h2>D\u00e9sinfectez facilement<\/h2>\n<p>Les d\u00e9sinfectants Prevail sont con\u00e7us pour r\u00e9pondre \u00e0 vos besoins individuels.<\/p>\n<ul>\n<li>Plusieurs formats disponibles :\n<ul>\n<li>Lingettes<\/li>\n<li>Pr\u00eat \u00e0 l&#8217;emploi<\/li>\n<li>Concentr\u00e9<\/li>\n<\/ul>\n<\/li>\n<li>Facile \u00e0 appliquer sur une large gamme d&rsquo;\u00e9quipements valid\u00e9s<\/li>\n<li>Longue dur\u00e9e de conservation : 30 jours &#8211; 3 ans (selon le format)<\/li>\n<\/ul>\n\n\n            \n                          <div class=\"flex flex-wrap -mx-1 mt-10 buttons-wrap\">\n                                  \n                                      <div class=\"p-1\">\n                      <a href=\"https:\/\/prevaildisinfectants.ca\/our-products\/\"   class=\" btn btn--primaire\">D\u00e9couvrez notre gamme de produits  <\/a>\n                    <\/div>\n                                                    \n                                                <\/div>\n            \n                      <\/div>\n        <\/div>\n      <\/div>\n    <\/div>\n\n          <a href=\"#\" class=\"scroll-arrow scroll-arrow--blanc\">\n        <?xml version=\"1.0\" encoding=\"UTF-8\"?>\n<svg width=\"26\" height=\"42\" fill=\"#0079c0\" xmlns=\"http:\/\/www.w3.org\/2000\/svg\" viewBox=\"0 0 26.5 43.25\"><path class=\"cls-1\" d=\"M0,20.85l3.3-3.4,7.6,7.65V0h4.7V25.1l7.6-7.55,3.3,3.3-13.25,13.25L0,20.85Zm.4,17.7H26.1v4.7H.4v-4.7Z\"\/><\/svg>\n\n      <\/a>\n      <\/div>\n<\/div>\n<div class=\"section\" id=\"content-section-4-bb3\"  data-white-logo=\"true\" data-hamburger=\"blanc\">\n    <div class=\"content-section-4 relative \">\n      <div class=\"container container--xl\">\n        <div class=\"flex flex-wrap flex-row align-stretch -mx-12 min-h-screen\">\n                      \n            <div class=\"w-full md:w-1\/2 px-12 flex flex-col justify-center relative\">\n              <div class=\"bg-img lozad bg-cover bg-center bg-no-repeat h-full inset-y-0 absolute md:right-0\" data-background-image=\"https:\/\/prevaildisinfectants.ca\/wp-content\/uploads\/2022\/12\/img10-1244x1400.jpg\"><\/div>\n\n              <div class=\"content-group max-w-xl text-xl xl:text-2xl py-28 relative z-10\">\n                <div class=\"\">\n                  <h2>Impact important dans votre \u00e9tablissement, impact minime dans la nature<\/h2>\n<p>Biod\u00e9gradable et facile \u00e0 \u00e9liminer<br \/>avec un impact minimal sur l&rsquo;environnement.<\/p>\n\n                <\/div>\n\n                                  <div class=\"mt-10\">\n                    <a href=\"https:\/\/virox.com\/about-us\/sustainability\/\" target=\"_blank\"  class=\" btn btn--primary\">D\u00e9couvrez comment la s\u00e9curit\u00e9 rencontre l&rsquo;efficacit\u00e9<\/a>\n                  <\/div>\n                              <\/div>\n            <\/div>\n                      \n            <div class=\"w-full md:w-1\/2 px-12 flex flex-col justify-center relative\">\n              <div class=\"bg-img lozad bg-cover bg-center bg-no-repeat h-full inset-y-0 absolute md:left-0\" data-background-image=\"https:\/\/prevaildisinfectants.ca\/wp-content\/uploads\/2022\/12\/img9-1247x1400.jpg\"><\/div>\n\n              <div class=\"content-group max-w-xl text-xl xl:text-2xl py-28 relative z-10\">\n                <div class=\"\">\n                  <h2>Doux pour vos surfaces<br \/><\/h2>\n<p>Compatible avec une large gamme de mat\u00e9riaux<br \/>.<\/p>\n\n                <\/div>\n\n                                  <div class=\"mt-10\">\n                    <a href=\"https:\/\/prevaildisinfectants.ca\/prevail-disinfectant-compatibility-chart\/\" target=\"_blank\"  class=\" btn btn--primary\">D\u00e9couvrez notre compatibilit\u00e9<\/a>\n                  <\/div>\n                              <\/div>\n            <\/div>\n                  <\/div>\n      <\/div>\n\n          <\/div>\n  <\/div>\n","protected":false},"excerpt":{"rendered":"","protected":false},"author":1,"featured_media":0,"parent":0,"menu_order":0,"comment_status":"closed","ping_status":"closed","template":"","meta":{"_acf_changed":false,"inline_featured_image":false,"footnotes":""},"class_list":["post-2961","page","type-page","status-publish","hentry"],"acf":[],"yoast_head":"<!-- This site is optimized with the Yoast SEO plugin v24.8.1 - https:\/\/yoast.com\/wordpress\/plugins\/seo\/ -->\n<title>Pourquoi vaincre ? - Prevail Disinfectants<\/title>\n<meta name=\"robots\" content=\"index, follow, max-snippet:-1, max-image-preview:large, max-video-preview:-1\" \/>\n<link rel=\"canonical\" href=\"https:\/\/prevaildisinfectants.ca\/fr\/pourquoi-vaincre\/\" \/>\n<meta property=\"og:locale\" content=\"fr_FR\" \/>\n<meta property=\"og:type\" content=\"article\" \/>\n<meta property=\"og:title\" content=\"Pourquoi vaincre ? - Prevail Disinfectants\" \/>\n<meta property=\"og:url\" content=\"https:\/\/prevaildisinfectants.ca\/fr\/pourquoi-vaincre\/\" \/>\n<meta property=\"og:site_name\" content=\"Prevail Disinfectants\" \/>\n<meta property=\"article:modified_time\" content=\"2025-12-09T20:58:35+00:00\" \/>\n<meta name=\"twitter:card\" content=\"summary_large_image\" \/>\n<script type=\"application\/ld+json\" class=\"yoast-schema-graph\">{\"@context\":\"https:\/\/schema.org\",\"@graph\":[{\"@type\":\"WebPage\",\"@id\":\"https:\/\/prevaildisinfectants.ca\/fr\/pourquoi-vaincre\/\",\"url\":\"https:\/\/prevaildisinfectants.ca\/fr\/pourquoi-vaincre\/\",\"name\":\"Pourquoi vaincre ? - Prevail Disinfectants\",\"isPartOf\":{\"@id\":\"https:\/\/prevaildisinfectants.ca\/fr\/#website\"},\"datePublished\":\"2022-12-23T01:12:55+00:00\",\"dateModified\":\"2025-12-09T20:58:35+00:00\",\"breadcrumb\":{\"@id\":\"https:\/\/prevaildisinfectants.ca\/fr\/pourquoi-vaincre\/#breadcrumb\"},\"inLanguage\":\"fr-FR\",\"potentialAction\":[{\"@type\":\"ReadAction\",\"target\":[\"https:\/\/prevaildisinfectants.ca\/fr\/pourquoi-vaincre\/\"]}]},{\"@type\":\"BreadcrumbList\",\"@id\":\"https:\/\/prevaildisinfectants.ca\/fr\/pourquoi-vaincre\/#breadcrumb\",\"itemListElement\":[{\"@type\":\"ListItem\",\"position\":1,\"name\":\"Home\",\"item\":\"https:\/\/prevaildisinfectants.ca\/fr\/accueil\/\"},{\"@type\":\"ListItem\",\"position\":2,\"name\":\"Pourquoi vaincre ?\"}]},{\"@type\":\"WebSite\",\"@id\":\"https:\/\/prevaildisinfectants.ca\/fr\/#website\",\"url\":\"https:\/\/prevaildisinfectants.ca\/fr\/\",\"name\":\"Prevail Disinfectants\",\"description\":\"\",\"potentialAction\":[{\"@type\":\"SearchAction\",\"target\":{\"@type\":\"EntryPoint\",\"urlTemplate\":\"https:\/\/prevaildisinfectants.ca\/fr\/?s={search_term_string}\"},\"query-input\":{\"@type\":\"PropertyValueSpecification\",\"valueRequired\":true,\"valueName\":\"search_term_string\"}}],\"inLanguage\":\"fr-FR\"}]}<\/script>\n<!-- \/ Yoast SEO plugin. -->","yoast_head_json":{"title":"Pourquoi vaincre ? - Prevail Disinfectants","robots":{"index":"index","follow":"follow","max-snippet":"max-snippet:-1","max-image-preview":"max-image-preview:large","max-video-preview":"max-video-preview:-1"},"canonical":"https:\/\/prevaildisinfectants.ca\/fr\/pourquoi-vaincre\/","og_locale":"fr_FR","og_type":"article","og_title":"Pourquoi vaincre ? - Prevail Disinfectants","og_url":"https:\/\/prevaildisinfectants.ca\/fr\/pourquoi-vaincre\/","og_site_name":"Prevail Disinfectants","article_modified_time":"2025-12-09T20:58:35+00:00","twitter_card":"summary_large_image","schema":{"@context":"https:\/\/schema.org","@graph":[{"@type":"WebPage","@id":"https:\/\/prevaildisinfectants.ca\/fr\/pourquoi-vaincre\/","url":"https:\/\/prevaildisinfectants.ca\/fr\/pourquoi-vaincre\/","name":"Pourquoi vaincre ? - Prevail Disinfectants","isPartOf":{"@id":"https:\/\/prevaildisinfectants.ca\/fr\/#website"},"datePublished":"2022-12-23T01:12:55+00:00","dateModified":"2025-12-09T20:58:35+00:00","breadcrumb":{"@id":"https:\/\/prevaildisinfectants.ca\/fr\/pourquoi-vaincre\/#breadcrumb"},"inLanguage":"fr-FR","potentialAction":[{"@type":"ReadAction","target":["https:\/\/prevaildisinfectants.ca\/fr\/pourquoi-vaincre\/"]}]},{"@type":"BreadcrumbList","@id":"https:\/\/prevaildisinfectants.ca\/fr\/pourquoi-vaincre\/#breadcrumb","itemListElement":[{"@type":"ListItem","position":1,"name":"Home","item":"https:\/\/prevaildisinfectants.ca\/fr\/accueil\/"},{"@type":"ListItem","position":2,"name":"Pourquoi vaincre ?"}]},{"@type":"WebSite","@id":"https:\/\/prevaildisinfectants.ca\/fr\/#website","url":"https:\/\/prevaildisinfectants.ca\/fr\/","name":"Prevail Disinfectants","description":"","potentialAction":[{"@type":"SearchAction","target":{"@type":"EntryPoint","urlTemplate":"https:\/\/prevaildisinfectants.ca\/fr\/?s={search_term_string}"},"query-input":{"@type":"PropertyValueSpecification","valueRequired":true,"valueName":"search_term_string"}}],"inLanguage":"fr-FR"}]}},"_links":{"self":[{"href":"https:\/\/prevaildisinfectants.ca\/fr\/wp-json\/wp\/v2\/pages\/2961","targetHints":{"allow":["GET"]}}],"collection":[{"href":"https:\/\/prevaildisinfectants.ca\/fr\/wp-json\/wp\/v2\/pages"}],"about":[{"href":"https:\/\/prevaildisinfectants.ca\/fr\/wp-json\/wp\/v2\/types\/page"}],"author":[{"embeddable":true,"href":"https:\/\/prevaildisinfectants.ca\/fr\/wp-json\/wp\/v2\/users\/1"}],"replies":[{"embeddable":true,"href":"https:\/\/prevaildisinfectants.ca\/fr\/wp-json\/wp\/v2\/comments?post=2961"}],"version-history":[{"count":2,"href":"https:\/\/prevaildisinfectants.ca\/fr\/wp-json\/wp\/v2\/pages\/2961\/revisions"}],"predecessor-version":[{"id":2963,"href":"https:\/\/prevaildisinfectants.ca\/fr\/wp-json\/wp\/v2\/pages\/2961\/revisions\/2963"}],"wp:attachment":[{"href":"https:\/\/prevaildisinfectants.ca\/fr\/wp-json\/wp\/v2\/media?parent=2961"}],"curies":[{"name":"wp","href":"https:\/\/api.w.org\/{rel}","templated":true}]}}