{"id":2834,"date":"2023-01-30T18:10:49","date_gmt":"2023-01-30T23:10:49","guid":{"rendered":"https:\/\/prevaildisinfectants.ca\/terms-of-use\/"},"modified":"2025-12-09T15:58:33","modified_gmt":"2025-12-09T20:58:33","slug":"terms-of-use","status":"publish","type":"page","link":"https:\/\/prevaildisinfectants.ca\/fr\/terms-of-use\/","title":{"rendered":"Conditions d&rsquo;utilisation"},"content":{"rendered":"\n<h2 class=\"wp-block-heading\">Conditions g\u00e9n\u00e9rales d&rsquo;utilisation<\/h2>\n\n<h4 class=\"wp-block-heading\">Clause de non-responsabilit\u00e9<\/h4>\n\n<p>Sauf indication contraire, la conception et la mise en page de ce site Web et de tout mat\u00e9riel publi\u00e9, y compris les textes, les graphiques, les logos, les images et les documents joints, sont prot\u00e9g\u00e9s par les droits d&rsquo;auteur de Virox Technologies Inc.<\/p>\n\n<p>La copie d&rsquo;images, de photos et de logos accessibles via ce site web n&rsquo;est pas autoris\u00e9e sans l&rsquo;accord pr\u00e9alable du d\u00e9tenteur des droits d&rsquo;auteur concern\u00e9s. Le mat\u00e9riel contenu dans ces pages ne doit pas \u00eatre copi\u00e9 ou distribu\u00e9 \u00e0 des fins commerciales sans notre autorisation. Il est permis de faire des copies pour un usage personnel, que ce soit sur votre disque dur ou sur une version imprim\u00e9e, \u00e0 condition que la mention du droit d&rsquo;auteur soit conserv\u00e9e sur chaque copie. La modification de l&rsquo;une des pages ou l&rsquo;utilisation du contenu dans une autre \u0153uvre ou publication constitue une violation directe des droits d&rsquo;auteur.<\/p>\n\n<p>Bien que Virox s&rsquo;efforce de garantir l&rsquo;exactitude des informations contenues dans ce site, elle d\u00e9cline toute responsabilit\u00e9 en cas d&rsquo;inexactitude et les visiteurs qui s&rsquo;appuient sur ces informations le font \u00e0 leurs propres risques.<\/p>\n\n<h4 class=\"wp-block-heading\">Liens vers d&rsquo;autres sites web<\/h4>\n\n<p>Ce site peut contenir des liens vers des tiers ou d&rsquo;autres sites Web. Virox Technologies Inc. n&rsquo;est pas responsable du contenu ou de la fiabilit\u00e9 de ces sites et n&rsquo;endosse pas n\u00e9cessairement les opinions qui y sont exprim\u00e9es. L&rsquo;\u00e9num\u00e9ration ne doit pas \u00eatre consid\u00e9r\u00e9e comme une approbation de quelque nature que ce soit. Pour nous signaler des liens bris\u00e9s ou p\u00e9rim\u00e9s, veuillez nous contacter. Vous n&rsquo;avez pas besoin de demander l&rsquo;autorisation de cr\u00e9er un lien direct vers les pages h\u00e9berg\u00e9es sur ce site.    <\/p>\n\n<h4 class=\"wp-block-heading\">S\u00e9curit\u00e9<\/h4>\n\n<p>Si vous envoyez des courriels \u00e0 Virox Technologies Inc. ou \u00e0 l&rsquo;une de ses divisions, veuillez noter que la s\u00e9curit\u00e9 des courriels sur Internet est incertaine. Si vous envoyez des messages \u00e9lectroniques sensibles ou confidentiels, qui ne sont pas crypt\u00e9s, vous acceptez le risque d&rsquo;un \u00e9ventuel manque de confidentialit\u00e9 sur Internet. <\/p>\n\n<h4 class=\"wp-block-heading\">Cookies<\/h4>\n\n<p>Les cookies nous permettent de savoir qui a consult\u00e9 quelles pages et de d\u00e9terminer les zones les plus populaires de notre site web. Nous utilisons \u00e9galement des cookies pour m\u00e9moriser les pr\u00e9f\u00e9rences des visiteurs et enregistrer des informations relatives \u00e0 la session, telles que la langue et la r\u00e9gion choisies. En fonction du type de cookie que nous utilisons, les cookies nous permettent \u00e9galement de rendre notre site web plus convivial. Par exemple, les cookies permanents nous permettent d&rsquo;enregistrer vos pr\u00e9f\u00e9rences afin que vous n&rsquo;ayez pas \u00e0 les saisir \u00e0 nouveau chaque fois que vous visitez notre site web.<\/p>\n\n<p>Vous pouvez refuser l&rsquo;utilisation de cookies en s\u00e9lectionnant les param\u00e8tres appropri\u00e9s de votre navigateur, mais veuillez noter que dans ce cas, vous ne pourrez peut-\u00eatre pas utiliser toutes les fonctionnalit\u00e9s de ce site web.<\/p>\n\n<h4 class=\"wp-block-heading\">Suivi de l&rsquo;utilisation du site<\/h4>\n\n<p>Ce site utilise Google Analytics, un service d&rsquo;analyse de site internet fourni par Google, Inc. (Google). Google Analytics utilise des \u00ab\u00a0cookies\u00a0\u00bb, qui sont des fichiers texte plac\u00e9s sur votre ordinateur, pour aider le site internet \u00e0 analyser l&rsquo;utilisation du site par ses utilisateurs. Les informations g\u00e9n\u00e9r\u00e9es par les cookies concernant votre utilisation du site (y compris votre adresse IP) seront transmises et stock\u00e9es par Google sur des serveurs situ\u00e9s aux Etats-Unis. Google utilisera cette information dans le but d&rsquo;\u00e9valuer votre utilisation du site, de compiler des rapports sur l&rsquo;activit\u00e9 du site \u00e0 destination de son \u00e9diteur et de fournir d&rsquo;autres services relatifs \u00e0 l&rsquo;activit\u00e9 du site et \u00e0 l&rsquo;utilisation d&rsquo;Internet. Google peut \u00e9galement transf\u00e9rer ces informations \u00e0 des tiers lorsque la loi l&rsquo;exige ou lorsque ces tiers traitent les informations pour le compte de Google. Google n&rsquo;associera pas votre adresse IP \u00e0 d&rsquo;autres donn\u00e9es d\u00e9tenues par Google.     <\/p>\n\n<p>Vous pouvez refuser l&rsquo;utilisation de cookies en s\u00e9lectionnant les param\u00e8tres appropri\u00e9s de votre navigateur, mais veuillez noter que dans ce cas, vous ne pourrez peut-\u00eatre pas utiliser toutes les fonctionnalit\u00e9s de ce site web. En utilisant ce site Internet, vous consentez au traitement des donn\u00e9es vous concernant par Google dans les conditions et pour les finalit\u00e9s d\u00e9crites ci-dessus.<\/p>\n\n<p><strong>Avis de non-responsabilit\u00e9 en mati\u00e8re de traduction<\/strong><\/p>\n\n<p><em>Ce site web propose des traductions g\u00e9n\u00e9r\u00e9es par des logiciels de traduction tiers pour votre commodit\u00e9. Bien que nous ayons fait des efforts raisonnables pour garantir l&rsquo;exactitude des traductions, les traductions automatiques ne sont pas parfaites et ne sont pas destin\u00e9es \u00e0 remplacer les traducteurs humains professionnels. Ces traductions sont fournies \u00ab\u00a0en l&rsquo;\u00e9tat\u00a0\u00bb \u00e0 titre de courtoisie pour les utilisateurs de ce site.  <\/em><\/p>\n\n<p><em>Veuillez noter que certains contenus peuvent ne pas \u00eatre traduits correctement, voire ne pas \u00eatre traduits du tout. Virox Technologies ne garantit pas l&rsquo;exactitude des traductions et n&rsquo;assume aucune responsabilit\u00e9 pour les erreurs, les omissions ou le manque de clart\u00e9 du contenu qui pourraient en r\u00e9sulter. Si vous rencontrez une erreur de traduction ou une impr\u00e9cision, nous vous encourageons \u00e0 nous contacter.  <\/em><\/p>\n","protected":false},"excerpt":{"rendered":"<p>Conditions g\u00e9n\u00e9rales d&rsquo;utilisation Clause de non-responsabilit\u00e9 Sauf indication contraire, la conception et la mise en page de ce site Web et de tout mat\u00e9riel publi\u00e9, y compris les textes, les graphiques, les logos, les images et les documents joints, sont prot\u00e9g\u00e9s par les droits d&rsquo;auteur de Virox Technologies Inc. La copie d&rsquo;images, de photos et &hellip; <a href=\"https:\/\/prevaildisinfectants.ca\/fr\/terms-of-use\/\">Continued<\/a><\/p>\n","protected":false},"author":1,"featured_media":0,"parent":0,"menu_order":0,"comment_status":"closed","ping_status":"closed","template":"template-plain.blade.php","meta":{"_acf_changed":false,"inline_featured_image":false,"footnotes":""},"class_list":["post-2834","page","type-page","status-publish","hentry"],"acf":[],"yoast_head":"<!-- This site is optimized with the Yoast SEO plugin v24.8.1 - https:\/\/yoast.com\/wordpress\/plugins\/seo\/ -->\n<title>Conditions d&#039;utilisation - Prevail Disinfectants<\/title>\n<meta name=\"robots\" content=\"index, follow, max-snippet:-1, max-image-preview:large, max-video-preview:-1\" \/>\n<link rel=\"canonical\" href=\"https:\/\/prevaildisinfectants.ca\/fr\/terms-of-use\/\" \/>\n<meta property=\"og:locale\" content=\"fr_FR\" \/>\n<meta property=\"og:type\" content=\"article\" \/>\n<meta property=\"og:title\" content=\"Conditions d&#039;utilisation - Prevail Disinfectants\" \/>\n<meta property=\"og:description\" content=\"Conditions g\u00e9n\u00e9rales d&rsquo;utilisation Clause de non-responsabilit\u00e9 Sauf indication contraire, la conception et la mise en page de ce site Web et de tout mat\u00e9riel publi\u00e9, y compris les textes, les graphiques, les logos, les images et les documents joints, sont prot\u00e9g\u00e9s par les droits d&rsquo;auteur de Virox Technologies Inc. La copie d&rsquo;images, de photos et &hellip; Continued\" \/>\n<meta property=\"og:url\" content=\"https:\/\/prevaildisinfectants.ca\/fr\/terms-of-use\/\" \/>\n<meta property=\"og:site_name\" content=\"Prevail Disinfectants\" \/>\n<meta property=\"article:modified_time\" content=\"2025-12-09T20:58:33+00:00\" \/>\n<meta name=\"twitter:card\" content=\"summary_large_image\" \/>\n<meta name=\"twitter:label1\" content=\"Dur\u00e9e de lecture estim\u00e9e\" \/>\n\t<meta name=\"twitter:data1\" content=\"4 minutes\" \/>\n<script type=\"application\/ld+json\" class=\"yoast-schema-graph\">{\"@context\":\"https:\/\/schema.org\",\"@graph\":[{\"@type\":\"WebPage\",\"@id\":\"https:\/\/prevaildisinfectants.ca\/fr\/terms-of-use\/\",\"url\":\"https:\/\/prevaildisinfectants.ca\/fr\/terms-of-use\/\",\"name\":\"Conditions d'utilisation - Prevail Disinfectants\",\"isPartOf\":{\"@id\":\"https:\/\/prevaildisinfectants.ca\/fr\/#website\"},\"datePublished\":\"2023-01-30T23:10:49+00:00\",\"dateModified\":\"2025-12-09T20:58:33+00:00\",\"breadcrumb\":{\"@id\":\"https:\/\/prevaildisinfectants.ca\/fr\/terms-of-use\/#breadcrumb\"},\"inLanguage\":\"fr-FR\",\"potentialAction\":[{\"@type\":\"ReadAction\",\"target\":[\"https:\/\/prevaildisinfectants.ca\/fr\/terms-of-use\/\"]}]},{\"@type\":\"BreadcrumbList\",\"@id\":\"https:\/\/prevaildisinfectants.ca\/fr\/terms-of-use\/#breadcrumb\",\"itemListElement\":[{\"@type\":\"ListItem\",\"position\":1,\"name\":\"Home\",\"item\":\"https:\/\/prevaildisinfectants.ca\/fr\/accueil\/\"},{\"@type\":\"ListItem\",\"position\":2,\"name\":\"Conditions d&#8217;utilisation\"}]},{\"@type\":\"WebSite\",\"@id\":\"https:\/\/prevaildisinfectants.ca\/fr\/#website\",\"url\":\"https:\/\/prevaildisinfectants.ca\/fr\/\",\"name\":\"Prevail Disinfectants\",\"description\":\"\",\"potentialAction\":[{\"@type\":\"SearchAction\",\"target\":{\"@type\":\"EntryPoint\",\"urlTemplate\":\"https:\/\/prevaildisinfectants.ca\/fr\/?s={search_term_string}\"},\"query-input\":{\"@type\":\"PropertyValueSpecification\",\"valueRequired\":true,\"valueName\":\"search_term_string\"}}],\"inLanguage\":\"fr-FR\"}]}<\/script>\n<!-- \/ Yoast SEO plugin. -->","yoast_head_json":{"title":"Conditions d'utilisation - Prevail Disinfectants","robots":{"index":"index","follow":"follow","max-snippet":"max-snippet:-1","max-image-preview":"max-image-preview:large","max-video-preview":"max-video-preview:-1"},"canonical":"https:\/\/prevaildisinfectants.ca\/fr\/terms-of-use\/","og_locale":"fr_FR","og_type":"article","og_title":"Conditions d'utilisation - Prevail Disinfectants","og_description":"Conditions g\u00e9n\u00e9rales d&rsquo;utilisation Clause de non-responsabilit\u00e9 Sauf indication contraire, la conception et la mise en page de ce site Web et de tout mat\u00e9riel publi\u00e9, y compris les textes, les graphiques, les logos, les images et les documents joints, sont prot\u00e9g\u00e9s par les droits d&rsquo;auteur de Virox Technologies Inc. La copie d&rsquo;images, de photos et &hellip; Continued","og_url":"https:\/\/prevaildisinfectants.ca\/fr\/terms-of-use\/","og_site_name":"Prevail Disinfectants","article_modified_time":"2025-12-09T20:58:33+00:00","twitter_card":"summary_large_image","twitter_misc":{"Dur\u00e9e de lecture estim\u00e9e":"4 minutes"},"schema":{"@context":"https:\/\/schema.org","@graph":[{"@type":"WebPage","@id":"https:\/\/prevaildisinfectants.ca\/fr\/terms-of-use\/","url":"https:\/\/prevaildisinfectants.ca\/fr\/terms-of-use\/","name":"Conditions d'utilisation - Prevail Disinfectants","isPartOf":{"@id":"https:\/\/prevaildisinfectants.ca\/fr\/#website"},"datePublished":"2023-01-30T23:10:49+00:00","dateModified":"2025-12-09T20:58:33+00:00","breadcrumb":{"@id":"https:\/\/prevaildisinfectants.ca\/fr\/terms-of-use\/#breadcrumb"},"inLanguage":"fr-FR","potentialAction":[{"@type":"ReadAction","target":["https:\/\/prevaildisinfectants.ca\/fr\/terms-of-use\/"]}]},{"@type":"BreadcrumbList","@id":"https:\/\/prevaildisinfectants.ca\/fr\/terms-of-use\/#breadcrumb","itemListElement":[{"@type":"ListItem","position":1,"name":"Home","item":"https:\/\/prevaildisinfectants.ca\/fr\/accueil\/"},{"@type":"ListItem","position":2,"name":"Conditions d&#8217;utilisation"}]},{"@type":"WebSite","@id":"https:\/\/prevaildisinfectants.ca\/fr\/#website","url":"https:\/\/prevaildisinfectants.ca\/fr\/","name":"Prevail Disinfectants","description":"","potentialAction":[{"@type":"SearchAction","target":{"@type":"EntryPoint","urlTemplate":"https:\/\/prevaildisinfectants.ca\/fr\/?s={search_term_string}"},"query-input":{"@type":"PropertyValueSpecification","valueRequired":true,"valueName":"search_term_string"}}],"inLanguage":"fr-FR"}]}},"_links":{"self":[{"href":"https:\/\/prevaildisinfectants.ca\/fr\/wp-json\/wp\/v2\/pages\/2834","targetHints":{"allow":["GET"]}}],"collection":[{"href":"https:\/\/prevaildisinfectants.ca\/fr\/wp-json\/wp\/v2\/pages"}],"about":[{"href":"https:\/\/prevaildisinfectants.ca\/fr\/wp-json\/wp\/v2\/types\/page"}],"author":[{"embeddable":true,"href":"https:\/\/prevaildisinfectants.ca\/fr\/wp-json\/wp\/v2\/users\/1"}],"replies":[{"embeddable":true,"href":"https:\/\/prevaildisinfectants.ca\/fr\/wp-json\/wp\/v2\/comments?post=2834"}],"version-history":[{"count":3,"href":"https:\/\/prevaildisinfectants.ca\/fr\/wp-json\/wp\/v2\/pages\/2834\/revisions"}],"predecessor-version":[{"id":3127,"href":"https:\/\/prevaildisinfectants.ca\/fr\/wp-json\/wp\/v2\/pages\/2834\/revisions\/3127"}],"wp:attachment":[{"href":"https:\/\/prevaildisinfectants.ca\/fr\/wp-json\/wp\/v2\/media?parent=2834"}],"curies":[{"name":"wp","href":"https:\/\/api.w.org\/{rel}","templated":true}]}}