{"id":2830,"date":"2022-12-17T09:02:43","date_gmt":"2022-12-17T09:02:43","guid":{"rendered":"https:\/\/prevaildisinfectants.ca\/privacy-policy\/"},"modified":"2025-12-09T15:58:35","modified_gmt":"2025-12-09T20:58:35","slug":"privacy-policy","status":"publish","type":"page","link":"https:\/\/prevaildisinfectants.ca\/fr\/privacy-policy\/","title":{"rendered":"Politique de confidentialit\u00e9"},"content":{"rendered":"\n<p>Nous nous engageons \u00e0 prot\u00e9ger votre confidentialit\u00e9, aussi bien lorsque vous recherchez des informations que lorsque vous faisait affaire avec le gouvernement par voie \u00e9lectronique. Le traitement de tous les renseignements personnels est r\u00e9gi par la<em> Loi sur la protection des renseignements personnels et les documents \u00e9lectroniques<\/em> (\u00ab\u00a0LPRPDE\u00a0\u00bb) et par toute l\u00e9gislation provinciale applicable et essentiellement similaire. Si vous croyez, d\u2019une mani\u00e8re ou d\u2019une autre, que Virox n\u2019effectue pas le traitement de vos renseignements personnels conform\u00e9ment \u00e0 ces principes, veuillez\u00a0<a href=\"https:\/\/prevaildisinfectants.ca\/contact-us\/\">prendre<br>contact avec nous.<\/a><\/p>\n\n\n\n<p>Un repr\u00e9sentant pourrait vous demander de soumettre des renseignements personnels vous concernant (p. ex., votre nom et votre adresse \u00e9lectronique) pour que vous puissiez recevoir et utiliser les services sur notre site Web. Ces services comprennent des bulletins d\u2019information et des groupes de discussion. Lorsque vous fournissez de tels renseignements personnels, nous les traitons conform\u00e9ment aux dispositions de la pr\u00e9sente politique. Lorsque nous utilisons vos renseignements personnels, nous agissons en conformit\u00e9 avec la l\u00e9gislation en vigueur et nous nous effor\u00e7ons de respecter les meilleures pratiques actuellement de mise en mati\u00e8re d\u2019Internet.<\/p>\n\n\n\n<p>Nous nous servons de vos coordonn\u00e9es pour communiquer avec vous. Dans ce cas, nous prendrons contact avec vous par courrier, courriel, t\u00e9l\u00e9phone ou t\u00e9l\u00e9copie. En g\u00e9n\u00e9ral, tout renseignement que vous transmettez sera uniquement utilis\u00e9 par Virox, ses mandataires et ses prestataires de services. Nous ne recueillons ni ne compilons des renseignements permettant d\u2019identifier les personnes pour la diffusion ou la vente de ces renseignements \u00e0 des parties externes \u00e0 des fins de marketing ou de publipostages \u00e0 titre d\u2019h\u00f4te pour le compte de tierces parties.<\/p>\n\n\n\n<p>Nous ne divulguons des renseignements \u00e0 des tiers que si la loi de l\u2019Ontario nous y oblige explicitement. Si vous publiez ou envoyez des contenus offensants, inappropri\u00e9s ou r\u00e9pr\u00e9hensibles, nous sommes en droit de nous servir de tous les renseignements dont nous disposons \u00e0 votre sujet pour mettre fin \u00e0 ce comportement. Il s\u2019agit notamment d\u2019informer les tierces parties concern\u00e9es, telles que votre employeur, votre institution scolaire, votre prestataire de services de messagerie par courriel et d\u2019acc\u00e8s \u00e0 Internet, ainsi que les organismes d\u2019application de la loi, des contenus en cause et de votre comportement.<\/p>\n\n\n\n<p>Nous conserverons vos renseignements personnels dans nos syst\u00e8mes au cours de la p\u00e9riode d\u2019utilisation que vous faites du service que vous avez demand\u00e9, et, une fois l\u2019objectif souhait\u00e9 atteint, nous proc\u00e9derons \u00e0 leur suppression.<\/p>\n\n\n\n<p>En cas de toute demande d\u2019information suppl\u00e9mentaire concernant vos renseignements personnels ou de toute question concernant leur traitement par nos soins, veuillez\u00a0<a href=\"https:\/\/prevaildisinfectants.ca\/contact-us\/\">prendre contact avec nous.<\/a><\/p>\n","protected":false},"excerpt":{"rendered":"<p>Nous nous engageons \u00e0 prot\u00e9ger votre confidentialit\u00e9, aussi bien lorsque vous recherchez des informations que lorsque vous faisait affaire avec le gouvernement par voie \u00e9lectronique. Le traitement de tous les renseignements personnels est r\u00e9gi par la Loi sur la protection des renseignements personnels et les documents \u00e9lectroniques (\u00ab\u00a0LPRPDE\u00a0\u00bb) et par toute l\u00e9gislation provinciale applicable et &hellip; <a href=\"https:\/\/prevaildisinfectants.ca\/fr\/privacy-policy\/\">Continued<\/a><\/p>\n","protected":false},"author":1,"featured_media":0,"parent":0,"menu_order":0,"comment_status":"closed","ping_status":"open","template":"template-plain.blade.php","meta":{"_acf_changed":false,"inline_featured_image":false,"footnotes":""},"class_list":["post-2830","page","type-page","status-publish","hentry"],"acf":[],"yoast_head":"<!-- This site is optimized with the Yoast SEO plugin v24.8.1 - https:\/\/yoast.com\/wordpress\/plugins\/seo\/ -->\n<title>Politique de confidentialit\u00e9 - Prevail Disinfectants<\/title>\n<meta name=\"robots\" content=\"index, follow, max-snippet:-1, max-image-preview:large, max-video-preview:-1\" \/>\n<link rel=\"canonical\" href=\"https:\/\/prevaildisinfectants.ca\/fr\/privacy-policy\/\" \/>\n<meta property=\"og:locale\" content=\"fr_FR\" \/>\n<meta property=\"og:type\" content=\"article\" \/>\n<meta property=\"og:title\" content=\"Politique de confidentialit\u00e9 - Prevail Disinfectants\" \/>\n<meta property=\"og:description\" content=\"Nous nous engageons \u00e0 prot\u00e9ger votre confidentialit\u00e9, aussi bien lorsque vous recherchez des informations que lorsque vous faisait affaire avec le gouvernement par voie \u00e9lectronique. Le traitement de tous les renseignements personnels est r\u00e9gi par la Loi sur la protection des renseignements personnels et les documents \u00e9lectroniques (\u00ab\u00a0LPRPDE\u00a0\u00bb) et par toute l\u00e9gislation provinciale applicable et &hellip; Continued\" \/>\n<meta property=\"og:url\" content=\"https:\/\/prevaildisinfectants.ca\/fr\/privacy-policy\/\" \/>\n<meta property=\"og:site_name\" content=\"Prevail Disinfectants\" \/>\n<meta property=\"article:modified_time\" content=\"2025-12-09T20:58:35+00:00\" \/>\n<meta name=\"twitter:card\" content=\"summary_large_image\" \/>\n<meta name=\"twitter:label1\" content=\"Dur\u00e9e de lecture estim\u00e9e\" \/>\n\t<meta name=\"twitter:data1\" content=\"2 minutes\" \/>\n<script type=\"application\/ld+json\" class=\"yoast-schema-graph\">{\"@context\":\"https:\/\/schema.org\",\"@graph\":[{\"@type\":\"WebPage\",\"@id\":\"https:\/\/prevaildisinfectants.ca\/fr\/privacy-policy\/\",\"url\":\"https:\/\/prevaildisinfectants.ca\/fr\/privacy-policy\/\",\"name\":\"Politique de confidentialit\u00e9 - Prevail Disinfectants\",\"isPartOf\":{\"@id\":\"https:\/\/prevaildisinfectants.ca\/fr\/#website\"},\"datePublished\":\"2022-12-17T09:02:43+00:00\",\"dateModified\":\"2025-12-09T20:58:35+00:00\",\"breadcrumb\":{\"@id\":\"https:\/\/prevaildisinfectants.ca\/fr\/privacy-policy\/#breadcrumb\"},\"inLanguage\":\"fr-FR\",\"potentialAction\":[{\"@type\":\"ReadAction\",\"target\":[\"https:\/\/prevaildisinfectants.ca\/fr\/privacy-policy\/\"]}]},{\"@type\":\"BreadcrumbList\",\"@id\":\"https:\/\/prevaildisinfectants.ca\/fr\/privacy-policy\/#breadcrumb\",\"itemListElement\":[{\"@type\":\"ListItem\",\"position\":1,\"name\":\"Home\",\"item\":\"https:\/\/prevaildisinfectants.ca\/fr\/accueil\/\"},{\"@type\":\"ListItem\",\"position\":2,\"name\":\"Politique de confidentialit\u00e9\"}]},{\"@type\":\"WebSite\",\"@id\":\"https:\/\/prevaildisinfectants.ca\/fr\/#website\",\"url\":\"https:\/\/prevaildisinfectants.ca\/fr\/\",\"name\":\"Prevail Disinfectants\",\"description\":\"\",\"potentialAction\":[{\"@type\":\"SearchAction\",\"target\":{\"@type\":\"EntryPoint\",\"urlTemplate\":\"https:\/\/prevaildisinfectants.ca\/fr\/?s={search_term_string}\"},\"query-input\":{\"@type\":\"PropertyValueSpecification\",\"valueRequired\":true,\"valueName\":\"search_term_string\"}}],\"inLanguage\":\"fr-FR\"}]}<\/script>\n<!-- \/ Yoast SEO plugin. -->","yoast_head_json":{"title":"Politique de confidentialit\u00e9 - Prevail Disinfectants","robots":{"index":"index","follow":"follow","max-snippet":"max-snippet:-1","max-image-preview":"max-image-preview:large","max-video-preview":"max-video-preview:-1"},"canonical":"https:\/\/prevaildisinfectants.ca\/fr\/privacy-policy\/","og_locale":"fr_FR","og_type":"article","og_title":"Politique de confidentialit\u00e9 - Prevail Disinfectants","og_description":"Nous nous engageons \u00e0 prot\u00e9ger votre confidentialit\u00e9, aussi bien lorsque vous recherchez des informations que lorsque vous faisait affaire avec le gouvernement par voie \u00e9lectronique. Le traitement de tous les renseignements personnels est r\u00e9gi par la Loi sur la protection des renseignements personnels et les documents \u00e9lectroniques (\u00ab\u00a0LPRPDE\u00a0\u00bb) et par toute l\u00e9gislation provinciale applicable et &hellip; Continued","og_url":"https:\/\/prevaildisinfectants.ca\/fr\/privacy-policy\/","og_site_name":"Prevail Disinfectants","article_modified_time":"2025-12-09T20:58:35+00:00","twitter_card":"summary_large_image","twitter_misc":{"Dur\u00e9e de lecture estim\u00e9e":"2 minutes"},"schema":{"@context":"https:\/\/schema.org","@graph":[{"@type":"WebPage","@id":"https:\/\/prevaildisinfectants.ca\/fr\/privacy-policy\/","url":"https:\/\/prevaildisinfectants.ca\/fr\/privacy-policy\/","name":"Politique de confidentialit\u00e9 - Prevail Disinfectants","isPartOf":{"@id":"https:\/\/prevaildisinfectants.ca\/fr\/#website"},"datePublished":"2022-12-17T09:02:43+00:00","dateModified":"2025-12-09T20:58:35+00:00","breadcrumb":{"@id":"https:\/\/prevaildisinfectants.ca\/fr\/privacy-policy\/#breadcrumb"},"inLanguage":"fr-FR","potentialAction":[{"@type":"ReadAction","target":["https:\/\/prevaildisinfectants.ca\/fr\/privacy-policy\/"]}]},{"@type":"BreadcrumbList","@id":"https:\/\/prevaildisinfectants.ca\/fr\/privacy-policy\/#breadcrumb","itemListElement":[{"@type":"ListItem","position":1,"name":"Home","item":"https:\/\/prevaildisinfectants.ca\/fr\/accueil\/"},{"@type":"ListItem","position":2,"name":"Politique de confidentialit\u00e9"}]},{"@type":"WebSite","@id":"https:\/\/prevaildisinfectants.ca\/fr\/#website","url":"https:\/\/prevaildisinfectants.ca\/fr\/","name":"Prevail Disinfectants","description":"","potentialAction":[{"@type":"SearchAction","target":{"@type":"EntryPoint","urlTemplate":"https:\/\/prevaildisinfectants.ca\/fr\/?s={search_term_string}"},"query-input":{"@type":"PropertyValueSpecification","valueRequired":true,"valueName":"search_term_string"}}],"inLanguage":"fr-FR"}]}},"_links":{"self":[{"href":"https:\/\/prevaildisinfectants.ca\/fr\/wp-json\/wp\/v2\/pages\/2830","targetHints":{"allow":["GET"]}}],"collection":[{"href":"https:\/\/prevaildisinfectants.ca\/fr\/wp-json\/wp\/v2\/pages"}],"about":[{"href":"https:\/\/prevaildisinfectants.ca\/fr\/wp-json\/wp\/v2\/types\/page"}],"author":[{"embeddable":true,"href":"https:\/\/prevaildisinfectants.ca\/fr\/wp-json\/wp\/v2\/users\/1"}],"replies":[{"embeddable":true,"href":"https:\/\/prevaildisinfectants.ca\/fr\/wp-json\/wp\/v2\/comments?post=2830"}],"version-history":[{"count":1,"href":"https:\/\/prevaildisinfectants.ca\/fr\/wp-json\/wp\/v2\/pages\/2830\/revisions"}],"predecessor-version":[{"id":2832,"href":"https:\/\/prevaildisinfectants.ca\/fr\/wp-json\/wp\/v2\/pages\/2830\/revisions\/2832"}],"wp:attachment":[{"href":"https:\/\/prevaildisinfectants.ca\/fr\/wp-json\/wp\/v2\/media?parent=2830"}],"curies":[{"name":"wp","href":"https:\/\/api.w.org\/{rel}","templated":true}]}}