{"id":2809,"date":"2022-12-17T20:33:58","date_gmt":"2022-12-18T01:33:58","guid":{"rendered":"https:\/\/prevaildisinfectants.ca\/ressources\/"},"modified":"2025-12-09T15:58:36","modified_gmt":"2025-12-09T20:58:36","slug":"ressources","status":"publish","type":"page","link":"https:\/\/prevaildisinfectants.ca\/fr\/ressources\/","title":{"rendered":"Ressources"},"content":{"rendered":"<div class=\"blog-loop pt-32 lg:pt-44 pb-16 lg:pb-28 min-h-screen flex flex-col bg-grey \" id=\"blog-loop-0c0\">\n  <div class=\"relative mb-20\">\n    <div class=\"blog-filters-group js-sticky-header bg-grey py-2 inset-x-0 top-0\">\n      <div class=\"container container--lg\">\n        <form action=\"https:\/\/prevaildisinfectants.ca\/fr\/\" class=\"form-wrap mb-10\">\n          <div class=\"flex flex-col sm:flex-row items-center flex-wrap -mx-2\">\n            <div class=\"flex-1 w-full sm:w-auto mb-4 sm:mb-0 px-2\">\n              <div class=\"form-group input-group input-group--search\">\n                <input type=\"text\" autocomplete=\"false\" name=\"s\">\n                \n              <\/div>\n            <\/div>\n\n            <div class=\"flex-none px-2\">\n              <button type=\"submit\" class=\"btn btn--primary text-base leading-5\">\n                <div class=\"mr-3\">\n                  <svg width=\"7\" height=\"10\" viewBox=\"0 0 7 10\" fill=\"none\" xmlns=\"http:\/\/www.w3.org\/2000\/svg\">\n<g clip-path=\"url(#clip0_1366_10713)\">\n<path d=\"M1.66504 9.90523L0.665039 8.90523L4.41504 5.19523L0.665039 1.48523L1.66504 0.485229L6.33504 5.19523L1.66504 9.90523Z\" fill=\"white\"\/>\n<\/g>\n<defs>\n<clipPath id=\"clip0_1366_10713\">\n<rect width=\"5.67\" height=\"9.42\" fill=\"white\" transform=\"translate(0.665039 0.485229)\"\/>\n<\/clipPath>\n<\/defs>\n<\/svg>\n\n                <\/div>\n                Rechercher\n              <\/button>\n            <\/div>\n          <\/div>\n        <\/form>\n\n                  <div class=\"-mx-4\">\n            <div class=\"blog-cats\">\n              <ul class=\"flex flex-wrap items-center\">\n                <li class=\"px-4 my-2\">\n                  <a class=\"btn btn--primary btn--sm2\" href=\"https:\/\/prevaildisinfectants.ca\/fr\/ressources\/\">Tout<\/a>\n                <\/li>\n\n                                  <li class=\"px-4 my-2\">\n                    <a class=\"btn-link\" href=\"https:\/\/prevaildisinfectants.ca\/fr\/category\/fiche-de-donnees-de-securite\/\">\n                      Fiche de donn\u00e9es de s\u00e9curit\u00e9\n                    <\/a>\n                  <\/li>\n                                  <li class=\"px-4 my-2\">\n                    <a class=\"btn-link\" href=\"https:\/\/prevaildisinfectants.ca\/fr\/category\/information-sur-le-produit\/\">\n                      Information sur le produit\n                    <\/a>\n                  <\/li>\n                \n                                                                          <li class=\"px-4 my-2\">\n                      <a class=\"btn-link\" href=\"https:\/\/prevaildisinfectants.ca\/fr\/ressources\/\">Ressources<\/a>\n                    <\/li>\n                                                <\/ul>\n            <\/div>\n          <\/div>\n              <\/div>\n    <\/div>\n  <\/div>\n\n  <div class=\"blog-wrap relative\">\n    <div class=\"container container--lg\">\n                        \n                      <div class=\"blog-group\">\n              <h4 class=\"h3 text-black uppercase\">Fiche de donn\u00e9es de s\u00e9curit\u00e9<\/h4>\n              <div class=\"flex flex-wrap -mx-3\">\n                                  \n                  <div class=\"w-full md:w-1\/2 lg:w-1\/3 px-3 mb-6\">\n                    <a href=\"https:\/\/prevaildisinfectants.ca\/fr\/fiche-de-donnees-de-securite-lingettes-recharges-prevail\/\"  class=\"blog-post block bg-white rounded-lg p-8 sm:p-12 h-full\">\n                      <div class=\"cat uppercase text-xs font-bold mb-1\">Fiche de donn\u00e9es de s\u00e9curit\u00e9<\/div>\n                      <h3 class=\"h3 text-primary mb-8\">Fiche de donn\u00e9es de s\u00e9curit\u00e9 \u2013 Lingettes\/Recharges Prevail\u2122<\/h3>\n                      <div class=\"text-lg mb-5\">Fiche de donn\u00e9es de s\u00e9curit\u00e9 (FDS) pour Prevail\u2122 lingettes d\u00e9sinfectantes, nettoyantes et d\u00e9sodorisantes. Note : Les &#8230;<\/div>\n                      <span class=\"btn btn--primary btn--sm\">En savoir plus<\/span>\n                    <\/a>\n                  <\/div>\n                                  \n                  <div class=\"w-full md:w-1\/2 lg:w-1\/3 px-3 mb-6\">\n                    <a href=\"https:\/\/prevaildisinfectants.ca\/fr\/fiche-de-donnees-de-securite-prevail-wipes-refills-anglais\/\"  class=\"blog-post block bg-white rounded-lg p-8 sm:p-12 h-full\">\n                      <div class=\"cat uppercase text-xs font-bold mb-1\">Fiche de donn\u00e9es de s\u00e9curit\u00e9<\/div>\n                      <h3 class=\"h3 text-primary mb-8\">Fiche de donn\u00e9es de s\u00e9curit\u00e9 &#8211; Prevail\u2122 Wipes\/Refills (anglais)<\/h3>\n                      <div class=\"text-lg mb-5\">Fiche de donn\u00e9es de s\u00e9curit\u00e9 (FDS) pour Prevail\u2122 Disinfectant Cleaner &amp; Deodorizer Wipes. Veuillez noter que les &#8230;<\/div>\n                      <span class=\"btn btn--primary btn--sm\">En savoir plus<\/span>\n                    <\/a>\n                  <\/div>\n                                  \n                  <div class=\"w-full md:w-1\/2 lg:w-1\/3 px-3 mb-6\">\n                    <a href=\"https:\/\/prevaildisinfectants.ca\/fr\/fiche-de-donnees-de-securite-prevail-pret-a-lemploi\/\"  class=\"blog-post block bg-white rounded-lg p-8 sm:p-12 h-full\">\n                      <div class=\"cat uppercase text-xs font-bold mb-1\">Fiche de donn\u00e9es de s\u00e9curit\u00e9<\/div>\n                      <h3 class=\"h3 text-primary mb-8\">Fiche de donn\u00e9es de s\u00e9curit\u00e9 \u2013 Prevail\u2122 Pr\u00eat-\u00e0-l\u2019emploi<\/h3>\n                      <div class=\"text-lg mb-5\">Fiche de donn\u00e9es de s\u00e9curit\u00e9 (FDS) pour Prevail\u2122 lingettes d\u00e9sinfectantes, nettoyantes et d\u00e9sodorisantes. Note : Les &#8230;<\/div>\n                      <span class=\"btn btn--primary btn--sm\">En savoir plus<\/span>\n                    <\/a>\n                  <\/div>\n                                  \n                  <div class=\"w-full md:w-1\/2 lg:w-1\/3 px-3 mb-6\">\n                    <a href=\"https:\/\/prevaildisinfectants.ca\/fr\/fiche-de-donnees-de-securite-prevail-rtu-anglais\/\"  class=\"blog-post block bg-white rounded-lg p-8 sm:p-12 h-full\">\n                      <div class=\"cat uppercase text-xs font-bold mb-1\">Fiche de donn\u00e9es de s\u00e9curit\u00e9<\/div>\n                      <h3 class=\"h3 text-primary mb-8\">Fiche de donn\u00e9es de s\u00e9curit\u00e9 &#8211; Prevail\u2122 RTU (anglais)<\/h3>\n                      <div class=\"text-lg mb-5\">Fiche de donn\u00e9es de s\u00e9curit\u00e9 (FDS) pour Prevail\u2122 Ready-to-Use Disinfectant Cleaner &amp; Deodorizer. Veuillez noter q&#8230;<\/div>\n                      <span class=\"btn btn--primary btn--sm\">En savoir plus<\/span>\n                    <\/a>\n                  <\/div>\n                                  \n                  <div class=\"w-full md:w-1\/2 lg:w-1\/3 px-3 mb-6\">\n                    <a href=\"https:\/\/prevaildisinfectants.ca\/fr\/fiche-de-donnees-de-securite-concentre-prevail\/\"  class=\"blog-post block bg-white rounded-lg p-8 sm:p-12 h-full\">\n                      <div class=\"cat uppercase text-xs font-bold mb-1\">Fiche de donn\u00e9es de s\u00e9curit\u00e9<\/div>\n                      <h3 class=\"h3 text-primary mb-8\">Fiche de donn\u00e9es de s\u00e9curit\u00e9 \u2013 Concentr\u00e9 Prevail\u2122<\/h3>\n                      <div class=\"text-lg mb-5\">Sp\u00e9cifications de la fiche de donn\u00e9es de s\u00e9curit\u00e9 sur Prevail\u2122 d\u00e9sinfectant, nettoyant et d\u00e9sodorisant concentr\u00e9 pour&#8230;<\/div>\n                      <span class=\"btn btn--primary btn--sm\">En savoir plus<\/span>\n                    <\/a>\n                  <\/div>\n                                  \n                  <div class=\"w-full md:w-1\/2 lg:w-1\/3 px-3 mb-6\">\n                    <a href=\"https:\/\/prevaildisinfectants.ca\/fr\/fiche-de-donnees-de-securite-fds-prevail-concentrate-anglais\/\"  class=\"blog-post block bg-white rounded-lg p-8 sm:p-12 h-full\">\n                      <div class=\"cat uppercase text-xs font-bold mb-1\">Fiche de donn\u00e9es de s\u00e9curit\u00e9<\/div>\n                      <h3 class=\"h3 text-primary mb-8\">Fiche de Donn\u00e9es de S\u00e9curit\u00e9 (FDS) &#8211; Prevail\u2122 Concentrate (Anglais)<\/h3>\n                      <div class=\"text-lg mb-5\">Donn\u00e9es de s\u00e9curit\u00e9 pour Prevail\u2122 Animal Premise Disinfectant Cleaner &amp; Deodorizer Concentrate (1:40 et plus) et &#8230;<\/div>\n                      <span class=\"btn btn--primary btn--sm\">En savoir plus<\/span>\n                    <\/a>\n                  <\/div>\n                              <\/div>\n            <\/div>\n\n                                        \n                      <div class=\"blog-group\">\n              <h4 class=\"h3 text-black uppercase\">Information sur le produit<\/h4>\n              <div class=\"flex flex-wrap -mx-3\">\n                                  \n                  <div class=\"w-full md:w-1\/2 lg:w-1\/3 px-3 mb-6\">\n                    <a href=\"https:\/\/prevaildisinfectants.ca\/fr\/desinfectants-prevail-faire-progresser-la-durabilite-dans-les-soins-aux-animaux\/\"  class=\"blog-post block bg-white rounded-lg p-8 sm:p-12 h-full\">\n                      <div class=\"cat uppercase text-xs font-bold mb-1\">Information sur le produit<\/div>\n                      <h3 class=\"h3 text-primary mb-8\">D\u00e9sinfectants Prevail : Faire progresser la durabilit\u00e9 dans les soins aux animaux<\/h3>\n                      <div class=\"text-lg mb-5\">Chez Virox Technologies, cr\u00e9ateurs de Prevail, nous nous engageons \u00e0 faire progresser la pr\u00e9vention des infections pa&#8230;<\/div>\n                      <span class=\"btn btn--primary btn--sm\">En savoir plus<\/span>\n                    <\/a>\n                  <\/div>\n                                  \n                  <div class=\"w-full md:w-1\/2 lg:w-1\/3 px-3 mb-6\">\n                    <a href=\"https:\/\/prevaildisinfectants.ca\/fr\/prevail-concentre-tout-ce-que-vous-devez-savoir\/\"  class=\"blog-post block bg-white rounded-lg p-8 sm:p-12 h-full\">\n                      <div class=\"cat uppercase text-xs font-bold mb-1\">Information sur le produit<\/div>\n                      <h3 class=\"h3 text-primary mb-8\">Prevail Concentr\u00e9 : Tout ce que vous devez savoir<\/h3>\n                      <div class=\"text-lg mb-5\">Ce guide a pour but de fournir des instructions d\u00e9taill\u00e9es sur l&rsquo;utilisation correcte du concentr\u00e9 d\u00e9sinfectant&#8230;<\/div>\n                      <span class=\"btn btn--primary btn--sm\">En savoir plus<\/span>\n                    <\/a>\n                  <\/div>\n                                  \n                  <div class=\"w-full md:w-1\/2 lg:w-1\/3 px-3 mb-6\">\n                    <a href=\"https:\/\/prevaildisinfectants.ca\/fr\/tableau-de-dilution-du-concentre-prevail\/\"  class=\"blog-post block bg-white rounded-lg p-8 sm:p-12 h-full\">\n                      <div class=\"cat uppercase text-xs font-bold mb-1\">Information sur le produit<\/div>\n                      <h3 class=\"h3 text-primary mb-8\">Tableau de dilution du concentr\u00e9 Prevail<\/h3>\n                      <div class=\"text-lg mb-5\">La dilution correcte du concentr\u00e9 d\u00e9sinfectant Prevail est essentielle pour obtenir des r\u00e9sultats de d\u00e9sinfection opt&#8230;<\/div>\n                      <span class=\"btn btn--primary btn--sm\">En savoir plus<\/span>\n                    <\/a>\n                  <\/div>\n                                  \n                  <div class=\"w-full md:w-1\/2 lg:w-1\/3 px-3 mb-6\">\n                    <a href=\"https:\/\/prevaildisinfectants.ca\/fr\/de-nouveaux-changements-passionnants-pour-prevail-veterinary-disinfectants\/\"  class=\"blog-post block bg-white rounded-lg p-8 sm:p-12 h-full\">\n                      <div class=\"cat uppercase text-xs font-bold mb-1\">Information sur le produit<\/div>\n                      <h3 class=\"h3 text-primary mb-8\">De nouveaux changements passionnants pour Prevail Veterinary Disinfectants !<\/h3>\n                      <div class=\"text-lg mb-5\">Plus fort. Plus rapide. Plus durable. Les d\u00e9sinfectants v\u00e9t\u00e9rinaires Prevail ont \u00e9t\u00e9 revitalis\u00e9s !Prevail Ready-To-Us&#8230;<\/div>\n                      <span class=\"btn btn--primary btn--sm\">En savoir plus<\/span>\n                    <\/a>\n                  <\/div>\n                                  \n                  <div class=\"w-full md:w-1\/2 lg:w-1\/3 px-3 mb-6\">\n                    <a href=\"https:\/\/prevaildisinfectants.ca\/fr\/fiche-de-reference-pret-a-lemploi\/\"  class=\"blog-post block bg-white rounded-lg p-8 sm:p-12 h-full\">\n                      <div class=\"cat uppercase text-xs font-bold mb-1\">Information sur le produit<\/div>\n                      <h3 class=\"h3 text-primary mb-8\">Fiche de r\u00e9f\u00e9rence \u2013 Pr\u00eat-\u00e0-l\u2019emploi<\/h3>\n                      <div class=\"text-lg mb-5\">D\u00e9tails techniques au sujet de Prevail\u2122 Pr\u00eat-\u00e0-l\u2019emploi \u2013 temps de contact n\u00e9cessaire pour \u00e9liminer divers pathog\u00e8nes&#8230;<\/div>\n                      <span class=\"btn btn--primary btn--sm\">En savoir plus<\/span>\n                    <\/a>\n                  <\/div>\n                                  \n                  <div class=\"w-full md:w-1\/2 lg:w-1\/3 px-3 mb-6\">\n                    <a href=\"https:\/\/prevaildisinfectants.ca\/fr\/fiche-de-reference-concentre\/\"  class=\"blog-post block bg-white rounded-lg p-8 sm:p-12 h-full\">\n                      <div class=\"cat uppercase text-xs font-bold mb-1\">Information sur le produit<\/div>\n                      <h3 class=\"h3 text-primary mb-8\">Fiche de r\u00e9f\u00e9rence \u2013 Concentr\u00e9<\/h3>\n                      <div class=\"text-lg mb-5\">D\u00e9tails techniques au sujet du concentr\u00e9 Prevail\u2122 temps de contact n\u00e9cessaire pour \u00e9liminer divers pathog\u00e8nes et mode&#8230;<\/div>\n                      <span class=\"btn btn--primary btn--sm\">En savoir plus<\/span>\n                    <\/a>\n                  <\/div>\n                                  \n                  <div class=\"w-full md:w-1\/2 lg:w-1\/3 px-3 mb-6\">\n                    <a href=\"https:\/\/prevaildisinfectants.ca\/fr\/fiche-de-produit-prevail\/\"  class=\"blog-post block bg-white rounded-lg p-8 sm:p-12 h-full\">\n                      <div class=\"cat uppercase text-xs font-bold mb-1\">Information sur le produit<\/div>\n                      <h3 class=\"h3 text-primary mb-8\">Fiche de produit Prevail<\/h3>\n                      <div class=\"text-lg mb-5\">En savoir plus sur les produits Prevail\u2122 &#8211; Pourquoi nos produits offrent les plus hauts crit\u00e8res en mati\u00e8re de &#8230;<\/div>\n                      <span class=\"btn btn--primary btn--sm\">En savoir plus<\/span>\n                    <\/a>\n                  <\/div>\n                                  \n                  <div class=\"w-full md:w-1\/2 lg:w-1\/3 px-3 mb-6\">\n                    <a href=\"https:\/\/prevaildisinfectants.ca\/fr\/fiche-produit-prevail-anglais\/\"  class=\"blog-post block bg-white rounded-lg p-8 sm:p-12 h-full\">\n                      <div class=\"cat uppercase text-xs font-bold mb-1\">Information sur le produit<\/div>\n                      <h3 class=\"h3 text-primary mb-8\">Fiche produit Prevail (anglais)<\/h3>\n                      <div class=\"text-lg mb-5\">D\u00e9couvrez Prevail\u2122 &#8211; pourquoi ils offrent la norme de d\u00e9sinfection la plus \u00e9lev\u00e9e et les formats disponibles po&#8230;<\/div>\n                      <span class=\"btn btn--primary btn--sm\">En savoir plus<\/span>\n                    <\/a>\n                  <\/div>\n                                  \n                  <div class=\"w-full md:w-1\/2 lg:w-1\/3 px-3 mb-6\">\n                    <a href=\"https:\/\/prevaildisinfectants.ca\/fr\/fiche-de-reference-lingettes-en-francais-et-en-anglais\/\"  class=\"blog-post block bg-white rounded-lg p-8 sm:p-12 h-full\">\n                      <div class=\"cat uppercase text-xs font-bold mb-1\">Information sur le produit<\/div>\n                      <h3 class=\"h3 text-primary mb-8\">Fiche de r\u00e9f\u00e9rence \u2013 Lingettes (en fran\u00e7ais et en anglais)<\/h3>\n                      <div class=\"text-lg mb-5\">D\u00e9tails techniques au sujet des lingettes Prevail\u2122 temps de contact n\u00e9cessaire pour \u00e9liminer divers pathog\u00e8nes et mod&#8230;<\/div>\n                      <span class=\"btn btn--primary btn--sm\">En savoir plus<\/span>\n                    <\/a>\n                  <\/div>\n                                  \n                  <div class=\"w-full md:w-1\/2 lg:w-1\/3 px-3 mb-6\">\n                    <a href=\"https:\/\/prevaildisinfectants.ca\/fr\/fiche-de-reference-pret-a-lemploi-anglais\/\"  class=\"blog-post block bg-white rounded-lg p-8 sm:p-12 h-full\">\n                      <div class=\"cat uppercase text-xs font-bold mb-1\">Information sur le produit<\/div>\n                      <h3 class=\"h3 text-primary mb-8\">Fiche de r\u00e9f\u00e9rence &#8211; Pr\u00eat \u00e0 l&#8217;emploi (anglais)<\/h3>\n                      <div class=\"text-lg mb-5\">D\u00e9tails techniques sur Prevail\u2122 Ready To Use &#8211; temps de contact pour diff\u00e9rents pathog\u00e8nes et mode d&#8217;emploi.<\/div>\n                      <span class=\"btn btn--primary btn--sm\">En savoir plus<\/span>\n                    <\/a>\n                  <\/div>\n                                  \n                  <div class=\"w-full md:w-1\/2 lg:w-1\/3 px-3 mb-6\">\n                    <a href=\"https:\/\/prevaildisinfectants.ca\/fr\/fiche-de-reference-concentre-anglais\/\"  class=\"blog-post block bg-white rounded-lg p-8 sm:p-12 h-full\">\n                      <div class=\"cat uppercase text-xs font-bold mb-1\">Information sur le produit<\/div>\n                      <h3 class=\"h3 text-primary mb-8\">Fiche de r\u00e9f\u00e9rence &#8211; Concentr\u00e9 (anglais)<\/h3>\n                      <div class=\"text-lg mb-5\">D\u00e9tails techniques sur Prevail\u2122 Concentrate &#8211; temps de contact pour diff\u00e9rents pathog\u00e8nes et mode d&#8217;emploi.<\/div>\n                      <span class=\"btn btn--primary btn--sm\">En savoir plus<\/span>\n                    <\/a>\n                  <\/div>\n                              <\/div>\n            <\/div>\n\n                                        <\/div>\n  <\/div>\n<\/div>\n\n\n","protected":false},"excerpt":{"rendered":"","protected":false},"author":1,"featured_media":0,"parent":0,"menu_order":0,"comment_status":"closed","ping_status":"closed","template":"","meta":{"_acf_changed":false,"inline_featured_image":false,"footnotes":""},"class_list":["post-2809","page","type-page","status-publish","hentry"],"acf":[],"yoast_head":"<!-- This site is optimized with the Yoast SEO plugin v24.8.1 - https:\/\/yoast.com\/wordpress\/plugins\/seo\/ -->\n<title>Ressources - Prevail Disinfectants<\/title>\n<meta name=\"robots\" content=\"index, follow, max-snippet:-1, max-image-preview:large, max-video-preview:-1\" \/>\n<link rel=\"canonical\" href=\"https:\/\/prevaildisinfectants.ca\/fr\/ressources\/\" \/>\n<meta property=\"og:locale\" content=\"fr_FR\" \/>\n<meta property=\"og:type\" content=\"article\" \/>\n<meta property=\"og:title\" content=\"Ressources - Prevail Disinfectants\" \/>\n<meta property=\"og:url\" content=\"https:\/\/prevaildisinfectants.ca\/fr\/ressources\/\" \/>\n<meta property=\"og:site_name\" content=\"Prevail Disinfectants\" \/>\n<meta property=\"article:modified_time\" content=\"2025-12-09T20:58:36+00:00\" \/>\n<meta name=\"twitter:card\" content=\"summary_large_image\" \/>\n<script type=\"application\/ld+json\" class=\"yoast-schema-graph\">{\"@context\":\"https:\/\/schema.org\",\"@graph\":[{\"@type\":\"WebPage\",\"@id\":\"https:\/\/prevaildisinfectants.ca\/fr\/ressources\/\",\"url\":\"https:\/\/prevaildisinfectants.ca\/fr\/ressources\/\",\"name\":\"Ressources - Prevail Disinfectants\",\"isPartOf\":{\"@id\":\"https:\/\/prevaildisinfectants.ca\/fr\/#website\"},\"datePublished\":\"2022-12-18T01:33:58+00:00\",\"dateModified\":\"2025-12-09T20:58:36+00:00\",\"breadcrumb\":{\"@id\":\"https:\/\/prevaildisinfectants.ca\/fr\/ressources\/#breadcrumb\"},\"inLanguage\":\"fr-FR\",\"potentialAction\":[{\"@type\":\"ReadAction\",\"target\":[\"https:\/\/prevaildisinfectants.ca\/fr\/ressources\/\"]}]},{\"@type\":\"BreadcrumbList\",\"@id\":\"https:\/\/prevaildisinfectants.ca\/fr\/ressources\/#breadcrumb\",\"itemListElement\":[{\"@type\":\"ListItem\",\"position\":1,\"name\":\"Home\",\"item\":\"https:\/\/prevaildisinfectants.ca\/fr\/accueil\/\"},{\"@type\":\"ListItem\",\"position\":2,\"name\":\"Ressources\"}]},{\"@type\":\"WebSite\",\"@id\":\"https:\/\/prevaildisinfectants.ca\/fr\/#website\",\"url\":\"https:\/\/prevaildisinfectants.ca\/fr\/\",\"name\":\"Prevail Disinfectants\",\"description\":\"\",\"potentialAction\":[{\"@type\":\"SearchAction\",\"target\":{\"@type\":\"EntryPoint\",\"urlTemplate\":\"https:\/\/prevaildisinfectants.ca\/fr\/?s={search_term_string}\"},\"query-input\":{\"@type\":\"PropertyValueSpecification\",\"valueRequired\":true,\"valueName\":\"search_term_string\"}}],\"inLanguage\":\"fr-FR\"}]}<\/script>\n<!-- \/ Yoast SEO plugin. -->","yoast_head_json":{"title":"Ressources - Prevail Disinfectants","robots":{"index":"index","follow":"follow","max-snippet":"max-snippet:-1","max-image-preview":"max-image-preview:large","max-video-preview":"max-video-preview:-1"},"canonical":"https:\/\/prevaildisinfectants.ca\/fr\/ressources\/","og_locale":"fr_FR","og_type":"article","og_title":"Ressources - Prevail Disinfectants","og_url":"https:\/\/prevaildisinfectants.ca\/fr\/ressources\/","og_site_name":"Prevail Disinfectants","article_modified_time":"2025-12-09T20:58:36+00:00","twitter_card":"summary_large_image","schema":{"@context":"https:\/\/schema.org","@graph":[{"@type":"WebPage","@id":"https:\/\/prevaildisinfectants.ca\/fr\/ressources\/","url":"https:\/\/prevaildisinfectants.ca\/fr\/ressources\/","name":"Ressources - Prevail Disinfectants","isPartOf":{"@id":"https:\/\/prevaildisinfectants.ca\/fr\/#website"},"datePublished":"2022-12-18T01:33:58+00:00","dateModified":"2025-12-09T20:58:36+00:00","breadcrumb":{"@id":"https:\/\/prevaildisinfectants.ca\/fr\/ressources\/#breadcrumb"},"inLanguage":"fr-FR","potentialAction":[{"@type":"ReadAction","target":["https:\/\/prevaildisinfectants.ca\/fr\/ressources\/"]}]},{"@type":"BreadcrumbList","@id":"https:\/\/prevaildisinfectants.ca\/fr\/ressources\/#breadcrumb","itemListElement":[{"@type":"ListItem","position":1,"name":"Home","item":"https:\/\/prevaildisinfectants.ca\/fr\/accueil\/"},{"@type":"ListItem","position":2,"name":"Ressources"}]},{"@type":"WebSite","@id":"https:\/\/prevaildisinfectants.ca\/fr\/#website","url":"https:\/\/prevaildisinfectants.ca\/fr\/","name":"Prevail Disinfectants","description":"","potentialAction":[{"@type":"SearchAction","target":{"@type":"EntryPoint","urlTemplate":"https:\/\/prevaildisinfectants.ca\/fr\/?s={search_term_string}"},"query-input":{"@type":"PropertyValueSpecification","valueRequired":true,"valueName":"search_term_string"}}],"inLanguage":"fr-FR"}]}},"_links":{"self":[{"href":"https:\/\/prevaildisinfectants.ca\/fr\/wp-json\/wp\/v2\/pages\/2809","targetHints":{"allow":["GET"]}}],"collection":[{"href":"https:\/\/prevaildisinfectants.ca\/fr\/wp-json\/wp\/v2\/pages"}],"about":[{"href":"https:\/\/prevaildisinfectants.ca\/fr\/wp-json\/wp\/v2\/types\/page"}],"author":[{"embeddable":true,"href":"https:\/\/prevaildisinfectants.ca\/fr\/wp-json\/wp\/v2\/users\/1"}],"replies":[{"embeddable":true,"href":"https:\/\/prevaildisinfectants.ca\/fr\/wp-json\/wp\/v2\/comments?post=2809"}],"version-history":[{"count":1,"href":"https:\/\/prevaildisinfectants.ca\/fr\/wp-json\/wp\/v2\/pages\/2809\/revisions"}],"predecessor-version":[{"id":2810,"href":"https:\/\/prevaildisinfectants.ca\/fr\/wp-json\/wp\/v2\/pages\/2809\/revisions\/2810"}],"wp:attachment":[{"href":"https:\/\/prevaildisinfectants.ca\/fr\/wp-json\/wp\/v2\/media?parent=2809"}],"curies":[{"name":"wp","href":"https:\/\/api.w.org\/{rel}","templated":true}]}}