{"id":2756,"date":"2022-12-17T19:48:02","date_gmt":"2022-12-18T00:48:02","guid":{"rendered":"https:\/\/prevaildisinfectants.ca\/home\/"},"modified":"2025-12-09T15:58:32","modified_gmt":"2025-12-09T20:58:32","slug":"accueil","status":"publish","type":"page","link":"https:\/\/prevaildisinfectants.ca\/fr\/","title":{"rendered":"Accueil"},"content":{"rendered":"<div class=\"section\" data-anchor=\"content-section-2-2fb\"  data-white-logo=\"false\" data-hamburger=\"primary\">\n  <div class=\"content-section-2 py-24 flex flex-col justify-center items-center min-h-screen relative \">\n    <div class=\"container container--xl\">\n      <div class=\"flex flex-wrap flex-row -mx-4 lg:-mx-6 items-center text-center md:text-left \">\n                  <div class=\"w-full md:w-1\/2 px-4 lg:px-6 mb-6 md:mb-0\">\n            <img decoding=\"async\" class=\"lozad\" src=\"data:image\/svg+xml,%3Csvg xmlns='http:\/\/www.w3.org\/2000\/svg' viewBox='0 0 1024 737'%3E%3C\/svg%3E\" data-src=\"https:\/\/prevaildisinfectants.ca\/wp-content\/uploads\/2023\/02\/COMPANION-FULL-LINE-UP-SMALLER-BARREL-1024x737.jpg\" width=\"1024\" height=\"737\" alt=\"\">\n          <\/div>\n                <div class=\"w-full md:w-1\/2 px-4 lg:px-6\">\n          <div class=\"content-group max-w-3xl text-xl xl:text-3xl\">\n            <h2>D\u00e9sinfectants de qualit\u00e9 v\u00e9t\u00e9rinaire qui \u00e9liminent le parvovirus, la teigne, le virus de la maladie de Carr\u00e9 et plus encore<\/h2>\n<p>La gamme de produits Prevail<sup>MC<\/sup> offre une d\u00e9sinfection efficace contre les agents pathog\u00e8nes tels que le parvovirus canin, les pathog\u00e8nes causant la toux de chenil*, le virus de la panleucop\u00e9nie f\u00e9line, le calicivirus f\u00e9lin, ainsi que les champignons provoquant la teigne*<\/p>\n<p style=\"line-height: 0.7;\"><span style=\"font-size: small;\"> <em>*Applicable uniquement au Prevail en lingettes et pr\u00eat \u00e0 l\u2019emploi. Efficace contre les bact\u00e9ries responsables de la toux du chenil (Bordetella spp.) et les champignons responsables de la teigne (Microsporum spp., Trichophyton spp.)<\/em><\/span><\/p>\n\n\n                          <div class=\"mt-10\">\n                <a href=\"https:\/\/prevaildisinfectants.ca\/fr\/nos-produits\/\"   class=\" btn btn--primary\">D\u00e9couvrez notre gamme de produits<\/a>\n              <\/div>\n                      <\/div>\n        <\/div>\n      <\/div>\n    <\/div>\n\n          <a href=\"#\" class=\"scroll-arrow scroll-arrow--primary\">\n        <?xml version=\"1.0\" encoding=\"UTF-8\"?>\n<svg width=\"26\" height=\"42\" fill=\"#0079c0\" xmlns=\"http:\/\/www.w3.org\/2000\/svg\" viewBox=\"0 0 26.5 43.25\"><path class=\"cls-1\" d=\"M0,20.85l3.3-3.4,7.6,7.65V0h4.7V25.1l7.6-7.55,3.3,3.3-13.25,13.25L0,20.85Zm.4,17.7H26.1v4.7H.4v-4.7Z\"\/><\/svg>\n\n      <\/a>\n      <\/div>\n<\/div>\n","protected":false},"excerpt":{"rendered":"","protected":false},"author":1,"featured_media":0,"parent":0,"menu_order":0,"comment_status":"closed","ping_status":"closed","template":"","meta":{"_acf_changed":false,"inline_featured_image":false,"footnotes":""},"class_list":["post-2756","page","type-page","status-publish","hentry"],"acf":[],"yoast_head":"<!-- This site is optimized with the Yoast SEO plugin v24.8.1 - https:\/\/yoast.com\/wordpress\/plugins\/seo\/ -->\n<title>Accueil - Prevail Disinfectants<\/title>\n<meta name=\"robots\" content=\"index, follow, max-snippet:-1, max-image-preview:large, max-video-preview:-1\" \/>\n<link rel=\"canonical\" href=\"https:\/\/prevaildisinfectants.ca\/fr\/\" \/>\n<meta property=\"og:locale\" content=\"fr_FR\" \/>\n<meta property=\"og:type\" content=\"article\" \/>\n<meta property=\"og:title\" content=\"Accueil - Prevail Disinfectants\" \/>\n<meta property=\"og:url\" content=\"https:\/\/prevaildisinfectants.ca\/fr\/\" \/>\n<meta property=\"og:site_name\" content=\"Prevail Disinfectants\" \/>\n<meta property=\"article:modified_time\" content=\"2025-12-09T20:58:32+00:00\" \/>\n<meta name=\"twitter:card\" content=\"summary_large_image\" \/>\n<script type=\"application\/ld+json\" class=\"yoast-schema-graph\">{\"@context\":\"https:\/\/schema.org\",\"@graph\":[{\"@type\":\"WebPage\",\"@id\":\"https:\/\/prevaildisinfectants.ca\/fr\/\",\"url\":\"https:\/\/prevaildisinfectants.ca\/fr\/\",\"name\":\"Accueil - Prevail Disinfectants\",\"isPartOf\":{\"@id\":\"https:\/\/prevaildisinfectants.ca\/fr\/#website\"},\"datePublished\":\"2022-12-18T00:48:02+00:00\",\"dateModified\":\"2025-12-09T20:58:32+00:00\",\"breadcrumb\":{\"@id\":\"https:\/\/prevaildisinfectants.ca\/fr\/#breadcrumb\"},\"inLanguage\":\"fr-FR\",\"potentialAction\":[{\"@type\":\"ReadAction\",\"target\":[\"https:\/\/prevaildisinfectants.ca\/fr\/\"]}]},{\"@type\":\"BreadcrumbList\",\"@id\":\"https:\/\/prevaildisinfectants.ca\/fr\/#breadcrumb\",\"itemListElement\":[{\"@type\":\"ListItem\",\"position\":1,\"name\":\"Home\",\"item\":\"https:\/\/prevaildisinfectants.ca\/fr\/accueil\/\"},{\"@type\":\"ListItem\",\"position\":2,\"name\":\"Accueil\"}]},{\"@type\":\"WebSite\",\"@id\":\"https:\/\/prevaildisinfectants.ca\/fr\/#website\",\"url\":\"https:\/\/prevaildisinfectants.ca\/fr\/\",\"name\":\"Prevail Disinfectants\",\"description\":\"\",\"potentialAction\":[{\"@type\":\"SearchAction\",\"target\":{\"@type\":\"EntryPoint\",\"urlTemplate\":\"https:\/\/prevaildisinfectants.ca\/fr\/?s={search_term_string}\"},\"query-input\":{\"@type\":\"PropertyValueSpecification\",\"valueRequired\":true,\"valueName\":\"search_term_string\"}}],\"inLanguage\":\"fr-FR\"}]}<\/script>\n<!-- \/ Yoast SEO plugin. -->","yoast_head_json":{"title":"Accueil - Prevail Disinfectants","robots":{"index":"index","follow":"follow","max-snippet":"max-snippet:-1","max-image-preview":"max-image-preview:large","max-video-preview":"max-video-preview:-1"},"canonical":"https:\/\/prevaildisinfectants.ca\/fr\/","og_locale":"fr_FR","og_type":"article","og_title":"Accueil - Prevail Disinfectants","og_url":"https:\/\/prevaildisinfectants.ca\/fr\/","og_site_name":"Prevail Disinfectants","article_modified_time":"2025-12-09T20:58:32+00:00","twitter_card":"summary_large_image","schema":{"@context":"https:\/\/schema.org","@graph":[{"@type":"WebPage","@id":"https:\/\/prevaildisinfectants.ca\/fr\/","url":"https:\/\/prevaildisinfectants.ca\/fr\/","name":"Accueil - Prevail Disinfectants","isPartOf":{"@id":"https:\/\/prevaildisinfectants.ca\/fr\/#website"},"datePublished":"2022-12-18T00:48:02+00:00","dateModified":"2025-12-09T20:58:32+00:00","breadcrumb":{"@id":"https:\/\/prevaildisinfectants.ca\/fr\/#breadcrumb"},"inLanguage":"fr-FR","potentialAction":[{"@type":"ReadAction","target":["https:\/\/prevaildisinfectants.ca\/fr\/"]}]},{"@type":"BreadcrumbList","@id":"https:\/\/prevaildisinfectants.ca\/fr\/#breadcrumb","itemListElement":[{"@type":"ListItem","position":1,"name":"Home","item":"https:\/\/prevaildisinfectants.ca\/fr\/accueil\/"},{"@type":"ListItem","position":2,"name":"Accueil"}]},{"@type":"WebSite","@id":"https:\/\/prevaildisinfectants.ca\/fr\/#website","url":"https:\/\/prevaildisinfectants.ca\/fr\/","name":"Prevail Disinfectants","description":"","potentialAction":[{"@type":"SearchAction","target":{"@type":"EntryPoint","urlTemplate":"https:\/\/prevaildisinfectants.ca\/fr\/?s={search_term_string}"},"query-input":{"@type":"PropertyValueSpecification","valueRequired":true,"valueName":"search_term_string"}}],"inLanguage":"fr-FR"}]}},"_links":{"self":[{"href":"https:\/\/prevaildisinfectants.ca\/fr\/wp-json\/wp\/v2\/pages\/2756","targetHints":{"allow":["GET"]}}],"collection":[{"href":"https:\/\/prevaildisinfectants.ca\/fr\/wp-json\/wp\/v2\/pages"}],"about":[{"href":"https:\/\/prevaildisinfectants.ca\/fr\/wp-json\/wp\/v2\/types\/page"}],"author":[{"embeddable":true,"href":"https:\/\/prevaildisinfectants.ca\/fr\/wp-json\/wp\/v2\/users\/1"}],"replies":[{"embeddable":true,"href":"https:\/\/prevaildisinfectants.ca\/fr\/wp-json\/wp\/v2\/comments?post=2756"}],"version-history":[{"count":4,"href":"https:\/\/prevaildisinfectants.ca\/fr\/wp-json\/wp\/v2\/pages\/2756\/revisions"}],"predecessor-version":[{"id":2808,"href":"https:\/\/prevaildisinfectants.ca\/fr\/wp-json\/wp\/v2\/pages\/2756\/revisions\/2808"}],"wp:attachment":[{"href":"https:\/\/prevaildisinfectants.ca\/fr\/wp-json\/wp\/v2\/media?parent=2756"}],"curies":[{"name":"wp","href":"https:\/\/api.w.org\/{rel}","templated":true}]}}